{"id":11004,"date":"2025-10-05T09:39:09","date_gmt":"2025-10-05T09:39:09","guid":{"rendered":"https:\/\/poiesistech.com\/audiopeople\/?post_type=product&#038;p=11004"},"modified":"2026-03-17T05:06:30","modified_gmt":"2026-03-17T05:06:30","slug":"crinear-daybreak","status":"publish","type":"product","link":"https:\/\/theaudiopeople.com.vn\/vi\/san-pham\/crinear-daybreak\/","title":{"rendered":"CrinEar Daybreak"},"content":{"rendered":"<p><span style=\"text-decoration: underline;\"><strong>\/\/ TH\u00d4NG S\u1ed0<\/strong><\/span><br \/>\n\u2013 Driver: 1 Dynamic Driver, 2 Balanced Armatures, 2 Micro-planar Tweeters.<br \/>\n\u2013 Tr\u1edf kh\u00e1ng: 20 Ohms<br \/>\n\u2013 \u0110\u1ed9 nh\u1ea1y: 105dB\/mW<br \/>\n\u2013 Ch\u1ea5t li\u1ec7u d\u00e2y c\u00e1p: \u0110\u1ed3ng m\u1ea1 b\u1ea1c \u0111\u1ed9 tinh khi\u1ebft cao<br \/>\n\u2013 C\u1ed5ng k\u1ebft n\u1ed1i C\u00e1p (Cable Connector): 2-pin (0.78mm)<br \/>\n\u0110\u1ea7u c\u1eafm C\u00e1p: C\u00f3 th\u1ec3 thay th\u1ebf 3.5mm SE (Single-Ended) v\u00e0 4.4mm (Balanced)<\/p>","protected":false},"excerpt":{"rendered":"<p>\u2013 D\u00e0nh cho nh\u1eefng ai th\u00edch ch\u1ea5t \u00e2m c\u00e2n b\u1eb1ng, ch\u00ednh x\u00e1c v\u00e0 nghe l\u00e2u v\u1eabn tho\u1ea3i m\u00e1i, Daybreak mang l\u1ea1i hi\u1ec7u n\u0103ng \u00e2m thanh r\u1ea5t t\u1ed1t trong t\u1ea7m gi\u00e1.<br \/>\n\u2013 \u0110\u01b0\u1ee3c h\u1ed7 tr\u1ee3 b\u1edfi d\u1eef li\u1ec7u \u0111o l\u01b0\u1eddng v\u00e0 kinh nghi\u1ec7m trong ng\u00e0nh qua nhi\u1ec1u n\u0103m, Daybreak \u0111\u01b0\u1ee3c tinh ch\u1ec9nh b\u1edfi Crinacle theo \u0110\u01b0\u1eddng Cong \u01afu Ti\u00ean IEF 2025 (IEF Preference 2025 Curve).<br \/>\n\u2013 C\u1ea5u H\u00ecnh Driver Ba Pha (Triplicate-Hybrid) bao g\u1ed3m 1 driver custom dynamic cho d\u1ea3i tr\u1ea7m s\u00e2u, ch\u1eafc, 2 custom BA cho d\u1ea3i trung t\u1ef1 nhi\u00ean, chi ti\u1ebft v\u00e0 2 micro-planar tweeters cho d\u1ea3i cao s\u1eafc n\u00e9t, m\u01b0\u1ee3t m\u00e0 v\u00e0 m\u1edf r\u1ed9ng.<br \/>\n\u2013 C\u1ea5u tr\u00fac b\u00ean trong \u0111\u01b0\u1ee3c in 3D ti\u00ean ti\u1ebfn cho ph\u00e9p t\u1ea1o ra c\u00e1c \u1ed1ng d\u1eabn s\u00f3ng ph\u1ee9c t\u1ea1p, gi\u00fap ki\u1ec3m so\u00e1t m\u1ea1ch ph\u00e2n t\u1ea7n v\u00e0 ph\u00e2n t\u00e1ch t\u1ea7n s\u1ed1 m\u1ed9t c\u00e1ch ch\u00ednh x\u00e1c.<br \/>\n\u2013 Thi\u1ebft k\u1ebf v\u1ecf nh\u1ef1a \u0111\u01b0\u1ee3c ho\u00e0n thi\u1ec7n to\u00e0n b\u1ed9, mang l\u1ea1i m\u1ed9t \u0111\u1ed9 b\u1ec1n v\u01b0\u1ee3t tr\u1ed9i v\u00e0 v\u1ebb ngo\u00e0i m\u00e3n nh\u00e3n v\u1ec1 m\u1eb7t th\u1ecb gi\u00e1c.<br \/>\n\u2013 D\u00e2y c\u00e1p m\u1ea1 B\u1ea1c (SPC - Silver-Plated Copper) d\u1ea1ng m\u00f4-\u0111un v\u1edbi c\u00e1c \u0111\u1ea7u c\u1eafm k\u1ebft n\u1ed1i c\u00f3 th\u1ec3 thay th\u1ebf 3.5mm v\u00e0 4.4mm \u0111i k\u00e8m<br \/>\n\u2013 V\u1ecf tai nghe \u0111\u01b0\u1ee3c thi\u1ebft k\u1ebf c\u00f4ng th\u00e1i h\u1ecdc, nh\u1ecf g\u1ecdn v\u00e0 ti\u1ec7n d\u1ee5ng nh\u1eb1m mang l\u1ea1i c\u1ea3m gi\u00e1c tho\u1ea3i m\u00e1i cho nh\u1eefng bu\u1ed5i nghe nh\u1ea1c k\u00e9o d\u00e0i.<\/p>\n<p>&nbsp;<\/p>","protected":false},"featured_media":11093,"comment_status":"open","ping_status":"closed","template":"","meta":{"_acf_changed":false},"product_brand":[447],"product_cat":[398,24],"product_tag":[168,262,171,487,172],"pa_accessories":[],"pa_headphones":[],"pa_connection":[],"pa_fit":[464],"pa_type":[],"pa_cases":[],"class_list":{"0":"post-11004","1":"product","2":"type-product","3":"status-publish","4":"has-post-thumbnail","6":"product_brand-crinear","7":"product_cat-all-products","8":"product_cat-earphones","9":"product_tag-audio","10":"product_tag-brand_crinear","11":"product_tag-earphones","12":"product_tag-fit_fit_fit_uiem","13":"product_tag-fit_universal","14":"pa_fit-universal","16":"entry","17":"has-media","19":"first","20":"instock","21":"featured","22":"shipping-taxable","23":"purchasable","24":"product-type-simple","25":"col","26":"span_1_of_4","27":"owp-content-left","28":"owp-thumbs-layout-horizontal","29":"owp-btn-very-big","30":"owp-tabs-layout-vertical"},"acf":[],"yoast_head":"<!-- This site is optimized with the Yoast SEO plugin v27.4 - https:\/\/yoast.com\/product\/yoast-seo-wordpress\/ -->\n<title>CrinEar Daybreak - The Audio People<\/title>\n<meta name=\"robots\" content=\"index, follow, max-snippet:-1, max-image-preview:large, max-video-preview:-1\" \/>\n<link rel=\"canonical\" href=\"https:\/\/theaudiopeople.com.vn\/vi\/san-pham\/crinear-daybreak\/\" \/>\n<meta property=\"og:locale\" content=\"vi_VN\" \/>\n<meta property=\"og:type\" content=\"article\" \/>\n<meta property=\"og:title\" content=\"CrinEar Daybreak - The Audio People\" \/>\n<meta property=\"og:description\" content=\"&#039;- Crafted for listeners who value neutrality, accuracy and long-term comfort, the Daybreak sets a new standard in value and sonic fidelity - Backed by years of measurement data and industry experience, tuned by Crinacle to the IEF Preference 2025 Curve - Triplicate-Hybrid driver setup with 1x custom dynamic subwoofer for deep, tight bass, 2x custom balanced armatures for natural, resolving mids and 2x micro-planar tweeters for crisp, extended treble - Advanced 3D-printed internals allow for complex waveguides for precise crossover control and frequency separation - Fully-filed resin shell design for a visually stunning and robust build - Modular SPC cable with interchangeable 3.5mm and 4.4mm terminations - Compact, ergonomic shell for extended listening sessions  &nbsp;\" \/>\n<meta property=\"og:url\" content=\"https:\/\/theaudiopeople.com.vn\/vi\/san-pham\/crinear-daybreak\/\" \/>\n<meta property=\"og:site_name\" content=\"The Audio People\" \/>\n<meta property=\"article:modified_time\" content=\"2026-03-17T05:06:30+00:00\" \/>\n<meta property=\"og:image\" content=\"https:\/\/theaudiopeople.com.vn\/wp-content\/uploads\/2025\/10\/SHOPIFY_CRINEARDAYBREAK_01.jpg\" \/>\n\t<meta property=\"og:image:width\" content=\"1500\" \/>\n\t<meta property=\"og:image:height\" content=\"1500\" \/>\n\t<meta property=\"og:image:type\" content=\"image\/jpeg\" \/>\n<meta name=\"twitter:card\" content=\"summary_large_image\" \/>\n<script type=\"application\/ld+json\" class=\"yoast-schema-graph\">{\"@context\":\"https:\\\/\\\/schema.org\",\"@graph\":[{\"@type\":\"WebPage\",\"@id\":\"https:\\\/\\\/theaudiopeople.com.vn\\\/product\\\/crinear-daybreak\\\/\",\"url\":\"https:\\\/\\\/theaudiopeople.com.vn\\\/product\\\/crinear-daybreak\\\/\",\"name\":\"CrinEar Daybreak - The Audio People\",\"isPartOf\":{\"@id\":\"https:\\\/\\\/theaudiopeople.com.vn\\\/#website\"},\"primaryImageOfPage\":{\"@id\":\"https:\\\/\\\/theaudiopeople.com.vn\\\/product\\\/crinear-daybreak\\\/#primaryimage\"},\"image\":{\"@id\":\"https:\\\/\\\/theaudiopeople.com.vn\\\/product\\\/crinear-daybreak\\\/#primaryimage\"},\"thumbnailUrl\":\"https:\\\/\\\/theaudiopeople.com.vn\\\/wp-content\\\/uploads\\\/2025\\\/10\\\/SHOPIFY_CRINEARDAYBREAK_01.jpg\",\"datePublished\":\"2025-10-05T09:39:09+00:00\",\"dateModified\":\"2026-03-17T05:06:30+00:00\",\"breadcrumb\":{\"@id\":\"https:\\\/\\\/theaudiopeople.com.vn\\\/product\\\/crinear-daybreak\\\/#breadcrumb\"},\"inLanguage\":\"vi\",\"potentialAction\":[{\"@type\":\"ReadAction\",\"target\":[\"https:\\\/\\\/theaudiopeople.com.vn\\\/product\\\/crinear-daybreak\\\/\"]}]},{\"@type\":\"ImageObject\",\"inLanguage\":\"vi\",\"@id\":\"https:\\\/\\\/theaudiopeople.com.vn\\\/product\\\/crinear-daybreak\\\/#primaryimage\",\"url\":\"https:\\\/\\\/theaudiopeople.com.vn\\\/wp-content\\\/uploads\\\/2025\\\/10\\\/SHOPIFY_CRINEARDAYBREAK_01.jpg\",\"contentUrl\":\"https:\\\/\\\/theaudiopeople.com.vn\\\/wp-content\\\/uploads\\\/2025\\\/10\\\/SHOPIFY_CRINEARDAYBREAK_01.jpg\",\"width\":1500,\"height\":1500},{\"@type\":\"BreadcrumbList\",\"@id\":\"https:\\\/\\\/theaudiopeople.com.vn\\\/product\\\/crinear-daybreak\\\/#breadcrumb\",\"itemListElement\":[{\"@type\":\"ListItem\",\"position\":1,\"name\":\"Home\",\"item\":\"https:\\\/\\\/theaudiopeople.com.vn\\\/\"},{\"@type\":\"ListItem\",\"position\":2,\"name\":\"Products\",\"item\":\"https:\\\/\\\/theaudiopeople.com.vn\\\/shop\\\/\"},{\"@type\":\"ListItem\",\"position\":3,\"name\":\"CrinEar Daybreak\"}]},{\"@type\":\"WebSite\",\"@id\":\"https:\\\/\\\/theaudiopeople.com.vn\\\/#website\",\"url\":\"https:\\\/\\\/theaudiopeople.com.vn\\\/\",\"name\":\"The Audio People\",\"description\":\"\",\"potentialAction\":[{\"@type\":\"SearchAction\",\"target\":{\"@type\":\"EntryPoint\",\"urlTemplate\":\"https:\\\/\\\/theaudiopeople.com.vn\\\/?s={search_term_string}\"},\"query-input\":{\"@type\":\"PropertyValueSpecification\",\"valueRequired\":true,\"valueName\":\"search_term_string\"}}],\"inLanguage\":\"vi\"}]}<\/script>\n<!-- \/ Yoast SEO plugin. -->","yoast_head_json":{"title":"CrinEar Daybreak - The Audio People","robots":{"index":"index","follow":"follow","max-snippet":"max-snippet:-1","max-image-preview":"max-image-preview:large","max-video-preview":"max-video-preview:-1"},"canonical":"https:\/\/theaudiopeople.com.vn\/vi\/san-pham\/crinear-daybreak\/","og_locale":"vi_VN","og_type":"article","og_title":"CrinEar Daybreak - The Audio People","og_description":"'- Crafted for listeners who value neutrality, accuracy and long-term comfort, the Daybreak sets a new standard in value and sonic fidelity - Backed by years of measurement data and industry experience, tuned by Crinacle to the IEF Preference 2025 Curve - Triplicate-Hybrid driver setup with 1x custom dynamic subwoofer for deep, tight bass, 2x custom balanced armatures for natural, resolving mids and 2x micro-planar tweeters for crisp, extended treble - Advanced 3D-printed internals allow for complex waveguides for precise crossover control and frequency separation - Fully-filed resin shell design for a visually stunning and robust build - Modular SPC cable with interchangeable 3.5mm and 4.4mm terminations - Compact, ergonomic shell for extended listening sessions  &nbsp;","og_url":"https:\/\/theaudiopeople.com.vn\/vi\/san-pham\/crinear-daybreak\/","og_site_name":"The Audio People","article_modified_time":"2026-03-17T05:06:30+00:00","og_image":[{"width":1500,"height":1500,"url":"https:\/\/theaudiopeople.com.vn\/wp-content\/uploads\/2025\/10\/SHOPIFY_CRINEARDAYBREAK_01.jpg","type":"image\/jpeg"}],"twitter_card":"summary_large_image","schema":{"@context":"https:\/\/schema.org","@graph":[{"@type":"WebPage","@id":"https:\/\/theaudiopeople.com.vn\/product\/crinear-daybreak\/","url":"https:\/\/theaudiopeople.com.vn\/product\/crinear-daybreak\/","name":"CrinEar Daybreak - The Audio People","isPartOf":{"@id":"https:\/\/theaudiopeople.com.vn\/#website"},"primaryImageOfPage":{"@id":"https:\/\/theaudiopeople.com.vn\/product\/crinear-daybreak\/#primaryimage"},"image":{"@id":"https:\/\/theaudiopeople.com.vn\/product\/crinear-daybreak\/#primaryimage"},"thumbnailUrl":"https:\/\/theaudiopeople.com.vn\/wp-content\/uploads\/2025\/10\/SHOPIFY_CRINEARDAYBREAK_01.jpg","datePublished":"2025-10-05T09:39:09+00:00","dateModified":"2026-03-17T05:06:30+00:00","breadcrumb":{"@id":"https:\/\/theaudiopeople.com.vn\/product\/crinear-daybreak\/#breadcrumb"},"inLanguage":"vi","potentialAction":[{"@type":"ReadAction","target":["https:\/\/theaudiopeople.com.vn\/product\/crinear-daybreak\/"]}]},{"@type":"ImageObject","inLanguage":"vi","@id":"https:\/\/theaudiopeople.com.vn\/product\/crinear-daybreak\/#primaryimage","url":"https:\/\/theaudiopeople.com.vn\/wp-content\/uploads\/2025\/10\/SHOPIFY_CRINEARDAYBREAK_01.jpg","contentUrl":"https:\/\/theaudiopeople.com.vn\/wp-content\/uploads\/2025\/10\/SHOPIFY_CRINEARDAYBREAK_01.jpg","width":1500,"height":1500},{"@type":"BreadcrumbList","@id":"https:\/\/theaudiopeople.com.vn\/product\/crinear-daybreak\/#breadcrumb","itemListElement":[{"@type":"ListItem","position":1,"name":"Home","item":"https:\/\/theaudiopeople.com.vn\/"},{"@type":"ListItem","position":2,"name":"Products","item":"https:\/\/theaudiopeople.com.vn\/shop\/"},{"@type":"ListItem","position":3,"name":"CrinEar Daybreak"}]},{"@type":"WebSite","@id":"https:\/\/theaudiopeople.com.vn\/#website","url":"https:\/\/theaudiopeople.com.vn\/","name":"The Audio People","description":"","potentialAction":[{"@type":"SearchAction","target":{"@type":"EntryPoint","urlTemplate":"https:\/\/theaudiopeople.com.vn\/?s={search_term_string}"},"query-input":{"@type":"PropertyValueSpecification","valueRequired":true,"valueName":"search_term_string"}}],"inLanguage":"vi"}]}},"_links":{"self":[{"href":"https:\/\/theaudiopeople.com.vn\/vi\/wp-json\/wp\/v2\/product\/11004","targetHints":{"allow":["GET"]}}],"collection":[{"href":"https:\/\/theaudiopeople.com.vn\/vi\/wp-json\/wp\/v2\/product"}],"about":[{"href":"https:\/\/theaudiopeople.com.vn\/vi\/wp-json\/wp\/v2\/types\/product"}],"replies":[{"embeddable":true,"href":"https:\/\/theaudiopeople.com.vn\/vi\/wp-json\/wp\/v2\/comments?post=11004"}],"wp:featuredmedia":[{"embeddable":true,"href":"https:\/\/theaudiopeople.com.vn\/vi\/wp-json\/wp\/v2\/media\/11093"}],"wp:attachment":[{"href":"https:\/\/theaudiopeople.com.vn\/vi\/wp-json\/wp\/v2\/media?parent=11004"}],"wp:term":[{"taxonomy":"product_brand","embeddable":true,"href":"https:\/\/theaudiopeople.com.vn\/vi\/wp-json\/wp\/v2\/product_brand?post=11004"},{"taxonomy":"product_cat","embeddable":true,"href":"https:\/\/theaudiopeople.com.vn\/vi\/wp-json\/wp\/v2\/product_cat?post=11004"},{"taxonomy":"product_tag","embeddable":true,"href":"https:\/\/theaudiopeople.com.vn\/vi\/wp-json\/wp\/v2\/product_tag?post=11004"},{"taxonomy":"pa_accessories","embeddable":true,"href":"https:\/\/theaudiopeople.com.vn\/vi\/wp-json\/wp\/v2\/pa_accessories?post=11004"},{"taxonomy":"pa_headphones","embeddable":true,"href":"https:\/\/theaudiopeople.com.vn\/vi\/wp-json\/wp\/v2\/pa_headphones?post=11004"},{"taxonomy":"pa_connection","embeddable":true,"href":"https:\/\/theaudiopeople.com.vn\/vi\/wp-json\/wp\/v2\/pa_connection?post=11004"},{"taxonomy":"pa_fit","embeddable":true,"href":"https:\/\/theaudiopeople.com.vn\/vi\/wp-json\/wp\/v2\/pa_fit?post=11004"},{"taxonomy":"pa_type","embeddable":true,"href":"https:\/\/theaudiopeople.com.vn\/vi\/wp-json\/wp\/v2\/pa_type?post=11004"},{"taxonomy":"pa_cases","embeddable":true,"href":"https:\/\/theaudiopeople.com.vn\/vi\/wp-json\/wp\/v2\/pa_cases?post=11004"}],"curies":[{"name":"wp","href":"https:\/\/api.w.org\/{rel}","templated":true}]}}