{"id":11312,"date":"2025-10-05T09:45:04","date_gmt":"2025-10-05T09:45:04","guid":{"rendered":"https:\/\/poiesistech.com\/audiopeople\/?post_type=product&#038;p=11312"},"modified":"2026-03-12T12:45:46","modified_gmt":"2026-03-12T12:45:46","slug":"focal-azurys","status":"publish","type":"product","link":"https:\/\/theaudiopeople.com.vn\/vi\/san-pham\/focal-azurys\/","title":{"rendered":"Focal Azurys"},"content":{"rendered":"<p dir=\"ltr\">Gi\u1ed1ng nh\u01b0 m\u1ecdi chi\u1ebfc tai nghe kh\u00e1c c\u1ee7a Focal, Azurys l\u00e0 s\u1ef1 k\u1ebft h\u1ee3p ho\u00e0n h\u1ea3o gi\u1eefa thi\u1ebft k\u1ebf tuy\u1ec7t m\u1ef9 mang l\u1ea1i tr\u1ea3i nghi\u1ec7m nghe \u0111\u1eafm ch\u00ecm, c\u00f9ng v\u1edbi t\u00ednh di \u0111\u1ed9ng v\u00e0 s\u1ef1 tho\u1ea3i m\u00e1i kh\u00f3 c\u00f3 \u0111\u1ed1i th\u1ee7 n\u00e0o s\u00e1nh k\u1ecbp.<\/p>\n<p><center><iframe title=\"YouTube video player\" src=\"https:\/\/www.youtube.com\/embed\/PD2Ui-Hm0lk?si=_t4cmfsvoQu3svBn\" width=\"560\" height=\"315\"><\/iframe><\/center><\/p>\n<p dir=\"ltr\">M\u1eabu tai nghe c\u00f3 d\u00e2y thi\u1ebft k\u1ebf closed-back n\u00e0y s\u1edf h\u1eefu v\u1ebb ngo\u00e0i cao c\u1ea5p v\u1edbi c\u00e1c y\u1ebfu t\u1ed1 phong c\u00e1ch \u0111\u1eb7c tr\u01b0ng c\u1ee7a Focal,, n\u1ed5i b\u1eadt v\u1edbi s\u1ef1 k\u1ebft h\u1ee3p c\u1ee7a c\u00e1c v\u1eadt li\u1ec7u sang tr\u1ecdng nh\u01b0 da, magnesium v\u00e0 nh\u00f4m.<\/p>\n<p dir=\"ltr\">Ch\u00ednh s\u1ef1 k\u1ebft h\u1ee3p ho\u00e0n h\u1ea3o n\u00e0y \u0111\u00e3 \u0111\u1ea3m b\u1ea3o c\u1ea3 \u0111\u1ed9 b\u1ec1n b\u1ec9 \u0111\u00e1ng tin c\u1eady l\u1eabn c\u1ea3m gi\u00e1c \u0111eo tho\u1ea3i m\u00e1i cho m\u1ecdi h\u00ecnh d\u00e1ng khu\u00f4n \u0111\u1ea7u. Kho\u00e1c l\u00ean m\u00ecnh s\u1eafc xanh m\u00ea ho\u1eb7c \u0111\u01b0\u1ee3c l\u1ea5y c\u1ea3m h\u1ee9ng v\u00e0 \u0111\u1eb7t t\u00ean theo \u0111\u00e1 Azurite (Lam b\u1ea3o), Azurys lan t\u1ecfa ngu\u1ed3n n\u0103ng l\u01b0\u1ee3ng t\u00edch c\u1ef1c, kh\u01a1i g\u1ee3i s\u1ef1 t\u1ef1 tin v\u00e0 tinh th\u1ea7n n\u0103ng \u0111\u1ed9ng cho ng\u01b0\u1eddi s\u1edf h\u1eefu.<\/p>\n<p dir=\"ltr\">V\u1ebb \u0111\u1eb9p ngo\u1ea1i h\u00ecnh c\u1ee7a n\u00f3 ch\u1ec9 c\u00f3 th\u1ec3 s\u00e1nh b\u1eb1ng nh\u1eefng c\u00f4ng ngh\u1ec7 \u00e2m thanh chuy\u00ean s\u00e2u \u1ea9n gi\u1ea5u b\u00ean d\u01b0\u1edbi. Gi\u1ed1ng nh\u01b0 m\u1ecdi chi\u1ebfc tai nghe kh\u00e1c c\u1ee7a Focal, n\u1eb1m s\u00e2u b\u00ean trong ph\u1ea7n earcup l\u00e0 h\u1ec7 th\u1ed1ng driver dynamic h\u00ecnh ch\u1eef M k\u00edch th\u01b0\u1edbc 40mm \u2013 th\u00e0nh qu\u1ea3 \u0111\u01b0\u1ee3c ch\u1ebf t\u00e1c t\u1ea1i c\u00e1c nh\u00e0 m\u00e1y c\u1ee7a h\u00e3ng \u1edf Ph\u00e1p.<\/p>\n<p><center><iframe title=\"YouTube video player\" src=\"https:\/\/www.youtube.com\/embed\/lYyWFNspKiM?si=YP7wj7zrhVuje0dg\" width=\"560\" height=\"315\"><\/iframe><\/center><\/p>\n<p dir=\"ltr\">\u0110\u01b0\u1ee3c thi\u1ebft k\u1ebf \u0111\u1ec3 chuy\u1ec3n \u0111\u1ed9ng t\u1ecbnh ti\u1ebfn ho\u00e0n h\u1ea3o nh\u01b0 m\u1ed9t piston, kho\u1ea3ng dao \u0111\u1ed9ng t\u1ed1i \u0111a c\u1ee7a driver Azurys mang l\u1ea1i cho d\u1ea3i tr\u1ea7m s\u1ef1 hi\u1ec7n di\u1ec7n m\u1ea1nh m\u1ebd, t\u1ed1c \u0111\u1ed9 ph\u1ea3n h\u1ed3i nhanh v\u00e0 \u0111\u1ed9 \u0111\u1ed9ng xu\u1ea5t s\u1eafc \u2013 m\u1ed9t \u01b0u th\u1ebf c\u1ef1c k\u1ef3 h\u1eefu \u00edch khi b\u1ea1n c\u1ea7n \u00e2m nh\u1ea1c l\u1ea5n \u00e1t nh\u1eefng ti\u1ebfng \u1ed3n trong qu\u00e1 tr\u00ecnh di chuy\u1ec3n.<\/p>\n<p dir=\"ltr\">Nh\u1eefng \u0111\u1eb7c t\u00ednh n\u00e0y v\u1eabn \u0111\u01b0\u1ee3c duy tr\u00ec tr\u1ecdn v\u1eb9n ngay c\u1ea3 khi t\u1ea7n s\u1ed1 t\u0103ng cao. K\u00edch th\u01b0\u1edbc driver 40mm khi\u00eam t\u1ed1n c\u1ee7a Focal k\u1ebft h\u1ee3p c\u00f9ng kh\u1ea3 n\u0103ng gi\u1ea3m ch\u1ea5n tuy\u1ec7t v\u1eddi c\u1ee7a v\u1eadt li\u1ec7u Magnesium gi\u00fap m\u00e0ng loa gi\u1eef v\u1eefng chuy\u1ec3n \u0111\u1ed9ng t\u1ecbnh ti\u1ebfn (pistonic), kh\u00f4ng b\u1ecb bi\u1ebfn d\u1ea1ng ph\u00e2n m\u1ea3nh (modal break-up) g\u00e2y ch\u00f3i g\u1eaft \u1edf d\u1ea3i cao. Nh\u1edd \u0111\u00f3, chi ti\u1ebft d\u1ea3i treble lu\u00f4n gi\u1eef \u0111\u01b0\u1ee3c s\u1ef1 \u1ea5m \u00e1p v\u00e0 t\u1ef1 nhi\u00ean v\u1ed1n c\u00f3.<\/p>\n<p dir=\"ltr\">Focal \u0111\u00e3 thi\u1ebft k\u1ebf Azurys m\u1ed9t c\u00e1ch c\u1ef1c k\u1ef3 nghi\u00eam t\u00fac \u0111\u1ec3 b\u1ea1n c\u00f3 th\u1ec3 t\u1eadn h\u01b0\u1edfng ni\u1ec1m vui \u00e2m nh\u1ea1c tr\u1ecdn v\u1eb9n. X\u1ee9ng \u0111\u00e1ng t\u1eebng \u0111\u1ed3ng t\u1eebng c\u1eafc khi mang l\u1ea1i cho b\u1ea1n h\u01b0\u01a1ng v\u1ecb tinh t\u1ebf t\u1eeb n\u01b0\u1edbc Ph\u00e1p, hi\u1ebfm c\u00f3 \"c\u00e1nh c\u1eeda\" n\u00e0o b\u01b0\u1edbc v\u00e0o th\u1ebf gi\u1edbi audiophile l\u1ea1i \u0111\u00e1ng tin c\u1eady h\u01a1n m\u1eabu tai nghe thi\u1ebft k\u1ebf closed-back m\u1edbi n\u00e0y.<\/p>\n<p><center><iframe title=\"YouTube video player\" src=\"https:\/\/www.youtube.com\/embed\/kNZEI55wtTw?si=p2yOzHbBqJzZq3O6&amp;start=85\" width=\"560\" height=\"315\"><\/iframe><\/center><\/p>\n<p dir=\"ltr\">H\u00e3y li\u00ean h\u1ec7 v\u1edbi ch\u00fang t\u00f4i \u0111\u1ec3 \u0111\u01b0\u1ee3c t\u01b0 v\u1ea5n v\u1ec1 nh\u1eefng s\u1ee3i c\u00e1p n\u00e2ng c\u1ea5p (aftermarket) gi\u00fap ph\u00e1t huy t\u1ed1i \u0111a hi k\u1ebft h\u1ee3p c\u00f9ng c\u00e1c <a href=\"https:\/\/zeppelinandco.com\/collections\/portable-dac-amp-1\" target=\"_blank\" rel=\"noopener\">DAC\/amp di \u0111\u1ed9ng<\/a>. B\u00ean c\u1ea1nh \u0111\u00f3, b\u1ea1n c\u0169ng c\u00f3 th\u1ec3 kh\u00e1m ph\u00e1 nh\u1eefng s\u1ea3n ph\u1ea9m t\u00e2n ti\u1ebfn kh\u00e1c trong h\u1ec7 sinh th\u00e1i c\u1ee7a Focal <a href=\"https:\/\/zeppelinandco.com\/collections\/vendors?q=Focal\" target=\"_blank\" rel=\"noopener\">t\u1ea1i \u0111\u00e2y<\/a>, ho\u1eb7c tham kh\u1ea3o th\u00eam c\u00e1c m\u1eabu tai nghe kh\u00e1c trong b\u1ed9 s\u01b0u t\u1eadp c\u1ee7a ch\u00fang t\u00f4i <a href=\"https:\/\/zeppelinandco.com\/collections\/headphones\" target=\"_blank\" rel=\"noopener\">t\u1ea1i \u0111\u00e2y<\/a>.<\/p>","protected":false},"excerpt":{"rendered":"<p dir=\"ltr\">Every step <a href=\"https:\/\/zeppelinandco.com\/collections\/vendors?q=Focal\" target=\"_blank\" rel=\"noopener\">Focal<\/a> take towards the entry-level, the more they impress. So it is with Azurys, an audiophile closed-back wired portable headphone for the masses.<\/p>\n<p dir=\"ltr\">Built on the familiar, chic, compact chassis of the <a href=\"https:\/\/zeppelinandco.com\/collections\/vendors\/products\/focal-bathys\" target=\"_blank\" rel=\"noopener\">Bathys<\/a>, Focal included everything that they want into a portable, consumer audio headphone. <a href=\"https:\/\/www.tomsguide.com\/audio\/headphones\/focal-azurys\" target=\"_blank\" rel=\"noopener\">Tom&#8217;s Guide<\/a> praised the company&#8217;s most affordable wired headphone to date, echoed by <a href=\"https:\/\/www.soundguys.com\/focal-azurys-review-117161\/\" target=\"_blank\" rel=\"noopener\">SoundGuys<\/a>.<\/p>\n<p dir=\"ltr\">And like every Focal, Azurys sounds great. Trademark 40mm M-shaped aluminum-magnesium dynamic drivers supply a hearty dose of correct tone yet exciting dynamics whether you listen on the bus, the plane or your desk.<\/p>\n<p dir=\"ltr\">Azurys stands to get better yet. Enquire in-shop about swapping Focal&#8217;s stock mic cable with an aftermarket version, increasing this groundbreaking release \u2013 or its open <a href=\"https:\/\/zeppelinandco.com\/products\/focal-hadenys\" target=\"_blank\" rel=\"noopener\">Hadenys<\/a> sibling&#8217;s \u2013 audiophile credentials yet. <strong>[See Product Desc. For More]<\/strong><\/p>\n<p><!--split--><\/p>\n<p dir=\"ltr\">\n","protected":false},"featured_media":13857,"comment_status":"open","ping_status":"closed","template":"","meta":{"_acf_changed":false},"product_brand":[154],"product_cat":[398,20],"product_tag":[168,291,170,214,199,200],"pa_accessories":[],"pa_headphones":[],"pa_connection":[471],"pa_fit":[],"pa_type":[],"pa_cases":[],"class_list":{"0":"post-11312","1":"product","2":"type-product","3":"status-publish","4":"has-post-thumbnail","6":"product_brand-focal","7":"product_cat-all-products","8":"product_cat-headphones","9":"product_tag-audio","10":"product_tag-brand_focal","11":"product_tag-connection_wired","12":"product_tag-headphone_closed-back","13":"product_tag-headphones","14":"product_tag-wired-headphones","15":"pa_connection-wired","17":"entry","18":"has-media","20":"first","21":"instock","22":"shipping-taxable","23":"purchasable","24":"product-type-simple","25":"col","26":"span_1_of_4","27":"owp-content-left","28":"owp-thumbs-layout-horizontal","29":"owp-btn-very-big","30":"owp-tabs-layout-vertical"},"acf":[],"yoast_head":"<!-- This site is optimized with the Yoast SEO plugin v27.4 - https:\/\/yoast.com\/product\/yoast-seo-wordpress\/ -->\n<title>Focal Azurys - The Audio People<\/title>\n<meta name=\"robots\" content=\"index, follow, max-snippet:-1, max-image-preview:large, max-video-preview:-1\" \/>\n<link rel=\"canonical\" href=\"https:\/\/theaudiopeople.com.vn\/vi\/san-pham\/focal-azurys\/\" \/>\n<meta property=\"og:locale\" content=\"vi_VN\" \/>\n<meta property=\"og:type\" content=\"article\" \/>\n<meta property=\"og:title\" content=\"Focal Azurys - The Audio People\" \/>\n<meta property=\"og:description\" content=\"Every step Focal take towards the entry-level, the more they impress. So it is with Azurys, an audiophile closed-back wired portable headphone for the masses. Built on the familiar, chic, compact chassis of the Bathys, Focal included everything that they want into a portable, consumer audio headphone. Tom&#039;s Guide praised the company&#039;s most affordable wired headphone to date, echoed by SoundGuys. And like every Focal, Azurys sounds great. Trademark 40mm M-shaped aluminum-magnesium dynamic drivers supply a hearty dose of correct tone yet exciting dynamics whether you listen on the bus, the plane or your desk. Azurys stands to get better yet. Enquire in-shop about swapping Focal&#039;s stock mic cable with an aftermarket version, increasing this groundbreaking release \u2013 or its open Hadenys sibling&#039;s \u2013 audiophile credentials yet. [See Product Desc. For More]\" \/>\n<meta property=\"og:url\" content=\"https:\/\/theaudiopeople.com.vn\/vi\/san-pham\/focal-azurys\/\" \/>\n<meta property=\"og:site_name\" content=\"The Audio People\" \/>\n<meta property=\"article:modified_time\" content=\"2026-03-12T12:45:46+00:00\" \/>\n<meta property=\"og:image\" content=\"https:\/\/theaudiopeople.com.vn\/wp-content\/uploads\/2025\/10\/FocalAzurys_01_1000x.webp\" \/>\n\t<meta property=\"og:image:width\" content=\"1000\" \/>\n\t<meta property=\"og:image:height\" content=\"1000\" \/>\n\t<meta property=\"og:image:type\" content=\"image\/webp\" \/>\n<meta name=\"twitter:card\" content=\"summary_large_image\" \/>\n<meta name=\"twitter:label1\" content=\"\u01af\u1edbc t\u00ednh th\u1eddi gian \u0111\u1ecdc\" \/>\n\t<meta name=\"twitter:data1\" content=\"1 ph\u00fat\" \/>\n<script type=\"application\/ld+json\" class=\"yoast-schema-graph\">{\"@context\":\"https:\\\/\\\/schema.org\",\"@graph\":[{\"@type\":\"WebPage\",\"@id\":\"https:\\\/\\\/theaudiopeople.com.vn\\\/product\\\/focal-azurys\\\/\",\"url\":\"https:\\\/\\\/theaudiopeople.com.vn\\\/product\\\/focal-azurys\\\/\",\"name\":\"Focal Azurys - The Audio People\",\"isPartOf\":{\"@id\":\"https:\\\/\\\/theaudiopeople.com.vn\\\/#website\"},\"primaryImageOfPage\":{\"@id\":\"https:\\\/\\\/theaudiopeople.com.vn\\\/product\\\/focal-azurys\\\/#primaryimage\"},\"image\":{\"@id\":\"https:\\\/\\\/theaudiopeople.com.vn\\\/product\\\/focal-azurys\\\/#primaryimage\"},\"thumbnailUrl\":\"https:\\\/\\\/theaudiopeople.com.vn\\\/wp-content\\\/uploads\\\/2025\\\/10\\\/FocalAzurys_01_1000x.webp\",\"datePublished\":\"2025-10-05T09:45:04+00:00\",\"dateModified\":\"2026-03-12T12:45:46+00:00\",\"breadcrumb\":{\"@id\":\"https:\\\/\\\/theaudiopeople.com.vn\\\/product\\\/focal-azurys\\\/#breadcrumb\"},\"inLanguage\":\"vi\",\"potentialAction\":[{\"@type\":\"ReadAction\",\"target\":[\"https:\\\/\\\/theaudiopeople.com.vn\\\/product\\\/focal-azurys\\\/\"]}]},{\"@type\":\"ImageObject\",\"inLanguage\":\"vi\",\"@id\":\"https:\\\/\\\/theaudiopeople.com.vn\\\/product\\\/focal-azurys\\\/#primaryimage\",\"url\":\"https:\\\/\\\/theaudiopeople.com.vn\\\/wp-content\\\/uploads\\\/2025\\\/10\\\/FocalAzurys_01_1000x.webp\",\"contentUrl\":\"https:\\\/\\\/theaudiopeople.com.vn\\\/wp-content\\\/uploads\\\/2025\\\/10\\\/FocalAzurys_01_1000x.webp\",\"width\":1000,\"height\":1000},{\"@type\":\"BreadcrumbList\",\"@id\":\"https:\\\/\\\/theaudiopeople.com.vn\\\/product\\\/focal-azurys\\\/#breadcrumb\",\"itemListElement\":[{\"@type\":\"ListItem\",\"position\":1,\"name\":\"Home\",\"item\":\"https:\\\/\\\/theaudiopeople.com.vn\\\/\"},{\"@type\":\"ListItem\",\"position\":2,\"name\":\"Products\",\"item\":\"https:\\\/\\\/theaudiopeople.com.vn\\\/shop\\\/\"},{\"@type\":\"ListItem\",\"position\":3,\"name\":\"Focal Azurys\"}]},{\"@type\":\"WebSite\",\"@id\":\"https:\\\/\\\/theaudiopeople.com.vn\\\/#website\",\"url\":\"https:\\\/\\\/theaudiopeople.com.vn\\\/\",\"name\":\"The Audio People\",\"description\":\"\",\"potentialAction\":[{\"@type\":\"SearchAction\",\"target\":{\"@type\":\"EntryPoint\",\"urlTemplate\":\"https:\\\/\\\/theaudiopeople.com.vn\\\/?s={search_term_string}\"},\"query-input\":{\"@type\":\"PropertyValueSpecification\",\"valueRequired\":true,\"valueName\":\"search_term_string\"}}],\"inLanguage\":\"vi\"}]}<\/script>\n<!-- \/ Yoast SEO plugin. -->","yoast_head_json":{"title":"Focal Azurys - The Audio People","robots":{"index":"index","follow":"follow","max-snippet":"max-snippet:-1","max-image-preview":"max-image-preview:large","max-video-preview":"max-video-preview:-1"},"canonical":"https:\/\/theaudiopeople.com.vn\/vi\/san-pham\/focal-azurys\/","og_locale":"vi_VN","og_type":"article","og_title":"Focal Azurys - The Audio People","og_description":"Every step Focal take towards the entry-level, the more they impress. So it is with Azurys, an audiophile closed-back wired portable headphone for the masses. Built on the familiar, chic, compact chassis of the Bathys, Focal included everything that they want into a portable, consumer audio headphone. Tom's Guide praised the company's most affordable wired headphone to date, echoed by SoundGuys. And like every Focal, Azurys sounds great. Trademark 40mm M-shaped aluminum-magnesium dynamic drivers supply a hearty dose of correct tone yet exciting dynamics whether you listen on the bus, the plane or your desk. Azurys stands to get better yet. Enquire in-shop about swapping Focal's stock mic cable with an aftermarket version, increasing this groundbreaking release \u2013 or its open Hadenys sibling's \u2013 audiophile credentials yet. [See Product Desc. For More]","og_url":"https:\/\/theaudiopeople.com.vn\/vi\/san-pham\/focal-azurys\/","og_site_name":"The Audio People","article_modified_time":"2026-03-12T12:45:46+00:00","og_image":[{"width":1000,"height":1000,"url":"https:\/\/theaudiopeople.com.vn\/wp-content\/uploads\/2025\/10\/FocalAzurys_01_1000x.webp","type":"image\/webp"}],"twitter_card":"summary_large_image","twitter_misc":{"\u01af\u1edbc t\u00ednh th\u1eddi gian \u0111\u1ecdc":"1 ph\u00fat"},"schema":{"@context":"https:\/\/schema.org","@graph":[{"@type":"WebPage","@id":"https:\/\/theaudiopeople.com.vn\/product\/focal-azurys\/","url":"https:\/\/theaudiopeople.com.vn\/product\/focal-azurys\/","name":"Focal Azurys - The Audio People","isPartOf":{"@id":"https:\/\/theaudiopeople.com.vn\/#website"},"primaryImageOfPage":{"@id":"https:\/\/theaudiopeople.com.vn\/product\/focal-azurys\/#primaryimage"},"image":{"@id":"https:\/\/theaudiopeople.com.vn\/product\/focal-azurys\/#primaryimage"},"thumbnailUrl":"https:\/\/theaudiopeople.com.vn\/wp-content\/uploads\/2025\/10\/FocalAzurys_01_1000x.webp","datePublished":"2025-10-05T09:45:04+00:00","dateModified":"2026-03-12T12:45:46+00:00","breadcrumb":{"@id":"https:\/\/theaudiopeople.com.vn\/product\/focal-azurys\/#breadcrumb"},"inLanguage":"vi","potentialAction":[{"@type":"ReadAction","target":["https:\/\/theaudiopeople.com.vn\/product\/focal-azurys\/"]}]},{"@type":"ImageObject","inLanguage":"vi","@id":"https:\/\/theaudiopeople.com.vn\/product\/focal-azurys\/#primaryimage","url":"https:\/\/theaudiopeople.com.vn\/wp-content\/uploads\/2025\/10\/FocalAzurys_01_1000x.webp","contentUrl":"https:\/\/theaudiopeople.com.vn\/wp-content\/uploads\/2025\/10\/FocalAzurys_01_1000x.webp","width":1000,"height":1000},{"@type":"BreadcrumbList","@id":"https:\/\/theaudiopeople.com.vn\/product\/focal-azurys\/#breadcrumb","itemListElement":[{"@type":"ListItem","position":1,"name":"Home","item":"https:\/\/theaudiopeople.com.vn\/"},{"@type":"ListItem","position":2,"name":"Products","item":"https:\/\/theaudiopeople.com.vn\/shop\/"},{"@type":"ListItem","position":3,"name":"Focal Azurys"}]},{"@type":"WebSite","@id":"https:\/\/theaudiopeople.com.vn\/#website","url":"https:\/\/theaudiopeople.com.vn\/","name":"The Audio People","description":"","potentialAction":[{"@type":"SearchAction","target":{"@type":"EntryPoint","urlTemplate":"https:\/\/theaudiopeople.com.vn\/?s={search_term_string}"},"query-input":{"@type":"PropertyValueSpecification","valueRequired":true,"valueName":"search_term_string"}}],"inLanguage":"vi"}]}},"_links":{"self":[{"href":"https:\/\/theaudiopeople.com.vn\/vi\/wp-json\/wp\/v2\/product\/11312","targetHints":{"allow":["GET"]}}],"collection":[{"href":"https:\/\/theaudiopeople.com.vn\/vi\/wp-json\/wp\/v2\/product"}],"about":[{"href":"https:\/\/theaudiopeople.com.vn\/vi\/wp-json\/wp\/v2\/types\/product"}],"replies":[{"embeddable":true,"href":"https:\/\/theaudiopeople.com.vn\/vi\/wp-json\/wp\/v2\/comments?post=11312"}],"wp:featuredmedia":[{"embeddable":true,"href":"https:\/\/theaudiopeople.com.vn\/vi\/wp-json\/wp\/v2\/media\/13857"}],"wp:attachment":[{"href":"https:\/\/theaudiopeople.com.vn\/vi\/wp-json\/wp\/v2\/media?parent=11312"}],"wp:term":[{"taxonomy":"product_brand","embeddable":true,"href":"https:\/\/theaudiopeople.com.vn\/vi\/wp-json\/wp\/v2\/product_brand?post=11312"},{"taxonomy":"product_cat","embeddable":true,"href":"https:\/\/theaudiopeople.com.vn\/vi\/wp-json\/wp\/v2\/product_cat?post=11312"},{"taxonomy":"product_tag","embeddable":true,"href":"https:\/\/theaudiopeople.com.vn\/vi\/wp-json\/wp\/v2\/product_tag?post=11312"},{"taxonomy":"pa_accessories","embeddable":true,"href":"https:\/\/theaudiopeople.com.vn\/vi\/wp-json\/wp\/v2\/pa_accessories?post=11312"},{"taxonomy":"pa_headphones","embeddable":true,"href":"https:\/\/theaudiopeople.com.vn\/vi\/wp-json\/wp\/v2\/pa_headphones?post=11312"},{"taxonomy":"pa_connection","embeddable":true,"href":"https:\/\/theaudiopeople.com.vn\/vi\/wp-json\/wp\/v2\/pa_connection?post=11312"},{"taxonomy":"pa_fit","embeddable":true,"href":"https:\/\/theaudiopeople.com.vn\/vi\/wp-json\/wp\/v2\/pa_fit?post=11312"},{"taxonomy":"pa_type","embeddable":true,"href":"https:\/\/theaudiopeople.com.vn\/vi\/wp-json\/wp\/v2\/pa_type?post=11312"},{"taxonomy":"pa_cases","embeddable":true,"href":"https:\/\/theaudiopeople.com.vn\/vi\/wp-json\/wp\/v2\/pa_cases?post=11312"}],"curies":[{"name":"wp","href":"https:\/\/api.w.org\/{rel}","templated":true}]}}