{"id":11319,"date":"2025-10-05T09:45:04","date_gmt":"2025-10-05T09:45:04","guid":{"rendered":"https:\/\/poiesistech.com\/audiopeople\/?post_type=product&#038;p=11319"},"modified":"2026-03-12T12:45:47","modified_gmt":"2026-03-12T12:45:47","slug":"focal-bathys-mg-2","status":"publish","type":"product","link":"https:\/\/theaudiopeople.com.vn\/vi\/san-pham\/focal-bathys-mg-2\/","title":{"rendered":"Focal Bathys MG"},"content":{"rendered":"<div><strong>\/\/ TH\u00d4NG TIN H\u1eeeU \u00cdCH:<\/strong><\/div>\n<div><\/div>\n<div>\u2022Tai nghe Bluetooth\u00ae 5.2 t\u00edch h\u1ee3p t\u00ednh n\u0103ng ch\u1ed1ng \u1ed3n ch\u1ee7 \u0111\u1ed9ng (ANC). \u00a0<\/div>\n<div>\u2022H\u1ec7 th\u1ed1ng driver 40mm b\u1eb1ng Magnesium v\u1edbi m\u00e0ng loa v\u00f2m h\u00ecnh ch\u1eef \"M\", \u0111\u01b0\u1ee3c ch\u1ebf t\u00e1c th\u1ee7 c\u00f4ng t\u1ea1i c\u00e1c x\u01b0\u1edfng c\u1ee7a Focal \u1edf Ph\u00e1p. \u00a0<\/div>\n<div>\u2022Kh\u1ea3 n\u0103ng t\u00e1i t\u1ea1o \u00e2m thanh phong ph\u00fa, t\u1ef1 nhi\u00ean v\u00e0 si\u00eau ch\u00ednh x\u00e1c v\u1edbi \u00e2m tr\u1ea7m uy l\u1ef1c c\u00f9ng \u00e2m cao trong tr\u1ebbo.<\/div>\n<div>\u2022Ch\u1ebf \u0111\u1ed9 USB-DAC: h\u1ed7 tr\u1ee3 \u00e2m thanh \u0111\u1ed9 ph\u00e2n gi\u1ea3i cao (Hi-Res) l\u00ean \u0111\u1ebfn 24-bit\/192kHz.<\/div>\n<div>\u2022Th\u1eddi l\u01b0\u1ee3ng pin h\u01a1n 30 gi\u1edd \u1edf ch\u1ebf \u0111\u1ed9 Bluetooth\u00ae. T\u00ednh n\u0103ng s\u1ea1c nhanh \u1ea5n t\u01b0\u1ee3ng: ch\u1ec9 15 ph\u00fat s\u1ea1c cho 5 gi\u1edd s\u1eed d\u1ee5ng. \u00a0<\/div>\n<div>\u2022Thi\u1ebft k\u1ebf tinh x\u1ea3o c\u00f9ng v\u1eadt li\u1ec7u cao c\u1ea5p: s\u1ef1 k\u1ebft h\u1ee3p gi\u1eefa da th\u1eadt, nh\u00f4m v\u00e0 magnesium. \u00a0<\/div>\n<div>\u2022\u1ee8ng d\u1ee5ng Focal &amp; Naim cho ph\u00e9p tinh ch\u1ec9nh EQ ch\u00ednh x\u00e1c v\u00e0 c\u00e1 nh\u00e2n h\u00f3a m\u1ecdi \u0111i\u1ec1u khi\u1ec3n tr\u00ean tai nghe. \u00a0<\/div>\n<div>\u2022Tr\u1ecdng l\u01b0\u1ee3ng nh\u1eb9, thi\u1ebft k\u1ebf c\u00f4ng th\u00e1i h\u1ecdc mang l\u1ea1i s\u1ef1 tho\u1ea3i m\u00e1i t\u1ed1i \u0111a cho nh\u1eefng chuy\u1ebfn \u0111i hay th\u1eddi gian s\u1eed d\u1ee5ng d\u00e0i.<\/div>","protected":false},"excerpt":{"rendered":"<div>The original Bathys defied all existing limitations of wireless sound. This April 2025, the Bathys MG will yet again bring the benchmark of wireless listening a big step up. Focal&#8217;s new direction to pull in close their and roots in stereo, Hi-Fidelity sound, but to coat it with a bright layer of relevance in today&#8217;s living. This MG version is the definition of luxury for travellers, audiophiles, and gadget lovers alike.<\/div>\n<div><\/div>\n<div>As a result of research and defiance, the Bathys was a huge success and gave reason to the birth of a Magnesium version.<\/div>\n<div><strong>[See Product Desc. For More]<\/strong><\/div>\n<div><\/div>\n","protected":false},"featured_media":13597,"comment_status":"open","ping_status":"closed","template":"","meta":{"_acf_changed":false},"product_brand":[154],"product_cat":[398,20,406,23],"product_tag":[168,167,291,192,214,199,197,206],"pa_accessories":[],"pa_headphones":[],"pa_connection":[466],"pa_fit":[],"pa_type":[475],"pa_cases":[],"class_list":{"0":"post-11319","1":"product","2":"type-product","3":"status-publish","4":"has-post-thumbnail","6":"product_brand-focal","7":"product_cat-all-products","8":"product_cat-headphones","9":"product_cat-noise-cancelling-earphones","10":"product_cat-all-things-wireless","11":"product_tag-audio","12":"product_tag-bluetooth","13":"product_tag-brand_focal","14":"product_tag-connection_wireless","15":"product_tag-headphone_closed-back","16":"product_tag-headphones","17":"product_tag-type_noise-cancelling","18":"product_tag-wireless-headphones","19":"pa_connection-wireless","20":"pa_type-noise-cancelling","22":"entry","23":"has-media","25":"first","26":"instock","27":"shipping-taxable","28":"purchasable","29":"product-type-simple","30":"col","31":"span_1_of_4","32":"owp-content-left","33":"owp-thumbs-layout-horizontal","34":"owp-btn-very-big","35":"owp-tabs-layout-vertical"},"acf":[],"yoast_head":"<!-- This site is optimized with the Yoast SEO plugin v27.4 - https:\/\/yoast.com\/product\/yoast-seo-wordpress\/ -->\n<title>Focal Bathys MG - The Audio People<\/title>\n<meta name=\"robots\" content=\"index, follow, max-snippet:-1, max-image-preview:large, max-video-preview:-1\" \/>\n<link rel=\"canonical\" href=\"https:\/\/theaudiopeople.com.vn\/vi\/san-pham\/focal-bathys-mg-2\/\" \/>\n<meta property=\"og:locale\" content=\"vi_VN\" \/>\n<meta property=\"og:type\" content=\"article\" \/>\n<meta property=\"og:title\" content=\"Focal Bathys MG - The Audio People\" \/>\n<meta property=\"og:description\" content=\"The original Bathys defied all existing limitations of wireless sound. This April 2025, the Bathys MG will yet again bring the benchmark of wireless listening a big step up. Focal&#039;s new direction to pull in close their and roots in stereo, Hi-Fidelity sound, but to coat it with a bright layer of relevance in today&#039;s living. This MG version is the definition of luxury for travellers, audiophiles, and gadget lovers alike.  As a result of research and defiance, the Bathys was a huge success and gave reason to the birth of a Magnesium version. [See Product Desc. For More]\" \/>\n<meta property=\"og:url\" content=\"https:\/\/theaudiopeople.com.vn\/vi\/san-pham\/focal-bathys-mg-2\/\" \/>\n<meta property=\"og:site_name\" content=\"The Audio People\" \/>\n<meta property=\"article:modified_time\" content=\"2026-03-12T12:45:47+00:00\" \/>\n<meta property=\"og:image\" content=\"https:\/\/theaudiopeople.com.vn\/wp-content\/uploads\/2025\/10\/FocalBathysMGLaunch_02_1000x.webp\" \/>\n\t<meta property=\"og:image:width\" content=\"1000\" \/>\n\t<meta property=\"og:image:height\" content=\"1250\" \/>\n\t<meta property=\"og:image:type\" content=\"image\/webp\" \/>\n<meta name=\"twitter:card\" content=\"summary_large_image\" \/>\n<script type=\"application\/ld+json\" class=\"yoast-schema-graph\">{\"@context\":\"https:\\\/\\\/schema.org\",\"@graph\":[{\"@type\":\"WebPage\",\"@id\":\"https:\\\/\\\/theaudiopeople.com.vn\\\/product\\\/focal-bathys-mg-2\\\/\",\"url\":\"https:\\\/\\\/theaudiopeople.com.vn\\\/product\\\/focal-bathys-mg-2\\\/\",\"name\":\"Focal Bathys MG - The Audio People\",\"isPartOf\":{\"@id\":\"https:\\\/\\\/theaudiopeople.com.vn\\\/#website\"},\"primaryImageOfPage\":{\"@id\":\"https:\\\/\\\/theaudiopeople.com.vn\\\/product\\\/focal-bathys-mg-2\\\/#primaryimage\"},\"image\":{\"@id\":\"https:\\\/\\\/theaudiopeople.com.vn\\\/product\\\/focal-bathys-mg-2\\\/#primaryimage\"},\"thumbnailUrl\":\"https:\\\/\\\/theaudiopeople.com.vn\\\/wp-content\\\/uploads\\\/2025\\\/10\\\/FocalBathysMGLaunch_02_1000x.webp\",\"datePublished\":\"2025-10-05T09:45:04+00:00\",\"dateModified\":\"2026-03-12T12:45:47+00:00\",\"breadcrumb\":{\"@id\":\"https:\\\/\\\/theaudiopeople.com.vn\\\/product\\\/focal-bathys-mg-2\\\/#breadcrumb\"},\"inLanguage\":\"vi\",\"potentialAction\":[{\"@type\":\"ReadAction\",\"target\":[\"https:\\\/\\\/theaudiopeople.com.vn\\\/product\\\/focal-bathys-mg-2\\\/\"]}]},{\"@type\":\"ImageObject\",\"inLanguage\":\"vi\",\"@id\":\"https:\\\/\\\/theaudiopeople.com.vn\\\/product\\\/focal-bathys-mg-2\\\/#primaryimage\",\"url\":\"https:\\\/\\\/theaudiopeople.com.vn\\\/wp-content\\\/uploads\\\/2025\\\/10\\\/FocalBathysMGLaunch_02_1000x.webp\",\"contentUrl\":\"https:\\\/\\\/theaudiopeople.com.vn\\\/wp-content\\\/uploads\\\/2025\\\/10\\\/FocalBathysMGLaunch_02_1000x.webp\",\"width\":1000,\"height\":1250},{\"@type\":\"BreadcrumbList\",\"@id\":\"https:\\\/\\\/theaudiopeople.com.vn\\\/product\\\/focal-bathys-mg-2\\\/#breadcrumb\",\"itemListElement\":[{\"@type\":\"ListItem\",\"position\":1,\"name\":\"Home\",\"item\":\"https:\\\/\\\/theaudiopeople.com.vn\\\/\"},{\"@type\":\"ListItem\",\"position\":2,\"name\":\"Products\",\"item\":\"https:\\\/\\\/theaudiopeople.com.vn\\\/shop\\\/\"},{\"@type\":\"ListItem\",\"position\":3,\"name\":\"Focal Bathys MG\"}]},{\"@type\":\"WebSite\",\"@id\":\"https:\\\/\\\/theaudiopeople.com.vn\\\/#website\",\"url\":\"https:\\\/\\\/theaudiopeople.com.vn\\\/\",\"name\":\"The Audio People\",\"description\":\"\",\"potentialAction\":[{\"@type\":\"SearchAction\",\"target\":{\"@type\":\"EntryPoint\",\"urlTemplate\":\"https:\\\/\\\/theaudiopeople.com.vn\\\/?s={search_term_string}\"},\"query-input\":{\"@type\":\"PropertyValueSpecification\",\"valueRequired\":true,\"valueName\":\"search_term_string\"}}],\"inLanguage\":\"vi\"}]}<\/script>\n<!-- \/ Yoast SEO plugin. -->","yoast_head_json":{"title":"Focal Bathys MG - The Audio People","robots":{"index":"index","follow":"follow","max-snippet":"max-snippet:-1","max-image-preview":"max-image-preview:large","max-video-preview":"max-video-preview:-1"},"canonical":"https:\/\/theaudiopeople.com.vn\/vi\/san-pham\/focal-bathys-mg-2\/","og_locale":"vi_VN","og_type":"article","og_title":"Focal Bathys MG - The Audio People","og_description":"The original Bathys defied all existing limitations of wireless sound. This April 2025, the Bathys MG will yet again bring the benchmark of wireless listening a big step up. Focal's new direction to pull in close their and roots in stereo, Hi-Fidelity sound, but to coat it with a bright layer of relevance in today's living. This MG version is the definition of luxury for travellers, audiophiles, and gadget lovers alike.  As a result of research and defiance, the Bathys was a huge success and gave reason to the birth of a Magnesium version. [See Product Desc. For More]","og_url":"https:\/\/theaudiopeople.com.vn\/vi\/san-pham\/focal-bathys-mg-2\/","og_site_name":"The Audio People","article_modified_time":"2026-03-12T12:45:47+00:00","og_image":[{"width":1000,"height":1250,"url":"https:\/\/theaudiopeople.com.vn\/wp-content\/uploads\/2025\/10\/FocalBathysMGLaunch_02_1000x.webp","type":"image\/webp"}],"twitter_card":"summary_large_image","schema":{"@context":"https:\/\/schema.org","@graph":[{"@type":"WebPage","@id":"https:\/\/theaudiopeople.com.vn\/product\/focal-bathys-mg-2\/","url":"https:\/\/theaudiopeople.com.vn\/product\/focal-bathys-mg-2\/","name":"Focal Bathys MG - The Audio People","isPartOf":{"@id":"https:\/\/theaudiopeople.com.vn\/#website"},"primaryImageOfPage":{"@id":"https:\/\/theaudiopeople.com.vn\/product\/focal-bathys-mg-2\/#primaryimage"},"image":{"@id":"https:\/\/theaudiopeople.com.vn\/product\/focal-bathys-mg-2\/#primaryimage"},"thumbnailUrl":"https:\/\/theaudiopeople.com.vn\/wp-content\/uploads\/2025\/10\/FocalBathysMGLaunch_02_1000x.webp","datePublished":"2025-10-05T09:45:04+00:00","dateModified":"2026-03-12T12:45:47+00:00","breadcrumb":{"@id":"https:\/\/theaudiopeople.com.vn\/product\/focal-bathys-mg-2\/#breadcrumb"},"inLanguage":"vi","potentialAction":[{"@type":"ReadAction","target":["https:\/\/theaudiopeople.com.vn\/product\/focal-bathys-mg-2\/"]}]},{"@type":"ImageObject","inLanguage":"vi","@id":"https:\/\/theaudiopeople.com.vn\/product\/focal-bathys-mg-2\/#primaryimage","url":"https:\/\/theaudiopeople.com.vn\/wp-content\/uploads\/2025\/10\/FocalBathysMGLaunch_02_1000x.webp","contentUrl":"https:\/\/theaudiopeople.com.vn\/wp-content\/uploads\/2025\/10\/FocalBathysMGLaunch_02_1000x.webp","width":1000,"height":1250},{"@type":"BreadcrumbList","@id":"https:\/\/theaudiopeople.com.vn\/product\/focal-bathys-mg-2\/#breadcrumb","itemListElement":[{"@type":"ListItem","position":1,"name":"Home","item":"https:\/\/theaudiopeople.com.vn\/"},{"@type":"ListItem","position":2,"name":"Products","item":"https:\/\/theaudiopeople.com.vn\/shop\/"},{"@type":"ListItem","position":3,"name":"Focal Bathys MG"}]},{"@type":"WebSite","@id":"https:\/\/theaudiopeople.com.vn\/#website","url":"https:\/\/theaudiopeople.com.vn\/","name":"The Audio People","description":"","potentialAction":[{"@type":"SearchAction","target":{"@type":"EntryPoint","urlTemplate":"https:\/\/theaudiopeople.com.vn\/?s={search_term_string}"},"query-input":{"@type":"PropertyValueSpecification","valueRequired":true,"valueName":"search_term_string"}}],"inLanguage":"vi"}]}},"_links":{"self":[{"href":"https:\/\/theaudiopeople.com.vn\/vi\/wp-json\/wp\/v2\/product\/11319","targetHints":{"allow":["GET"]}}],"collection":[{"href":"https:\/\/theaudiopeople.com.vn\/vi\/wp-json\/wp\/v2\/product"}],"about":[{"href":"https:\/\/theaudiopeople.com.vn\/vi\/wp-json\/wp\/v2\/types\/product"}],"replies":[{"embeddable":true,"href":"https:\/\/theaudiopeople.com.vn\/vi\/wp-json\/wp\/v2\/comments?post=11319"}],"wp:featuredmedia":[{"embeddable":true,"href":"https:\/\/theaudiopeople.com.vn\/vi\/wp-json\/wp\/v2\/media\/13597"}],"wp:attachment":[{"href":"https:\/\/theaudiopeople.com.vn\/vi\/wp-json\/wp\/v2\/media?parent=11319"}],"wp:term":[{"taxonomy":"product_brand","embeddable":true,"href":"https:\/\/theaudiopeople.com.vn\/vi\/wp-json\/wp\/v2\/product_brand?post=11319"},{"taxonomy":"product_cat","embeddable":true,"href":"https:\/\/theaudiopeople.com.vn\/vi\/wp-json\/wp\/v2\/product_cat?post=11319"},{"taxonomy":"product_tag","embeddable":true,"href":"https:\/\/theaudiopeople.com.vn\/vi\/wp-json\/wp\/v2\/product_tag?post=11319"},{"taxonomy":"pa_accessories","embeddable":true,"href":"https:\/\/theaudiopeople.com.vn\/vi\/wp-json\/wp\/v2\/pa_accessories?post=11319"},{"taxonomy":"pa_headphones","embeddable":true,"href":"https:\/\/theaudiopeople.com.vn\/vi\/wp-json\/wp\/v2\/pa_headphones?post=11319"},{"taxonomy":"pa_connection","embeddable":true,"href":"https:\/\/theaudiopeople.com.vn\/vi\/wp-json\/wp\/v2\/pa_connection?post=11319"},{"taxonomy":"pa_fit","embeddable":true,"href":"https:\/\/theaudiopeople.com.vn\/vi\/wp-json\/wp\/v2\/pa_fit?post=11319"},{"taxonomy":"pa_type","embeddable":true,"href":"https:\/\/theaudiopeople.com.vn\/vi\/wp-json\/wp\/v2\/pa_type?post=11319"},{"taxonomy":"pa_cases","embeddable":true,"href":"https:\/\/theaudiopeople.com.vn\/vi\/wp-json\/wp\/v2\/pa_cases?post=11319"}],"curies":[{"name":"wp","href":"https:\/\/api.w.org\/{rel}","templated":true}]}}