{"id":11320,"date":"2025-10-05T09:45:04","date_gmt":"2025-10-05T09:45:04","guid":{"rendered":"https:\/\/poiesistech.com\/audiopeople\/?post_type=product&#038;p=11320"},"modified":"2026-03-12T12:45:47","modified_gmt":"2026-03-12T12:45:47","slug":"focal-clear-mg","status":"publish","type":"product","link":"https:\/\/theaudiopeople.com.vn\/vi\/san-pham\/focal-clear-mg\/","title":{"rendered":"Focal Clear MG"},"content":{"rendered":"<p><!--split--><\/p>\n<p>N\u00f3 ngay l\u1eadp t\u1ee9c nh\u1eadn \u0111\u01b0\u1ee3c gi\u1ea3i th\u01b0\u1edfng \"Applause Award\" danh gi\u00e1 t\u1eeb <a href=\"https:\/\/www.stereonet.co.uk\/reviews\/focal-clear-mg-headphone-review\" target=\"_blank\" rel=\"noopener\">StereoNET<\/a> nh\u01b0 m\u1ed9t m\u1eabu tai nghe to\u00e0n di\u1ec7n \"v\u1edbi nh\u1ecbp \u0111i\u1ec7u ho\u00e0n h\u1ea3o v\u00e0 \u0111\u1ed9ng l\u1ef1c xu\u1ea5t s\u1eafc, nh\u01b0ng ch\u00ednh c\u1ea3m nh\u1eadn v\u1ec1 kh\u00f4ng gian m\u1edbi l\u00e0 \u0111i\u1ec1u th\u1ef1c s\u1ef1 t\u1ecfa s\u00e1ng\" \u2013 h\u00e3y t\u01b0\u1edfng t\u01b0\u1ee3ng m\u00e0 xem. C\u0169ng ch\u00ednh \u1ea5n ph\u1ea9m n\u00e0y \u0111\u00e3 b\u00ecnh ch\u1ecdn Clear MG l\u00e0 Tai nghe Over-Ear xu\u1ea5t s\u1eafc nh\u1ea5t trong danh s\u00e1ch r\u00fat g\u1ecdn S\u1ea3n ph\u1ea9m c\u1ee7a n\u0103m 2021.<\/p>\n<p><a href=\"https:\/\/www.headfonia.com\/focal-clear-mg-celestee-review\" target=\"_blank\" rel=\"noopener\">Headfonia<\/a> cho r\u1eb1ng h\u00e3ng \u00e2m thanh Ph\u00e1p y\u00eau th\u00edch c\u1ee7a ch\u00fang ta \"\u0111\u00e3 th\u1ef1c s\u1ef1 t\u1ea1o n\u00ean m\u1ed9t trong nh\u1eefng chi\u1ebfc tai nghe high-end d\u1ec5 g\u00e2y say \u0111\u1eafm nh\u1ea5t ngay t\u1eeb l\u1ea7n \u0111\u1ea7u th\u01b0\u1edfng th\u1ee9c\".\u00a0<a href=\"https:\/\/www.techhive.com\/article\/3611426\/focal-clear-mg-review.html\" target=\"_blank\" rel=\"noopener\">TechHive<\/a> c\u0169ng d\u00e0nh cho model n\u00e0y gi\u1ea3i th\u01b0\u1edfng danh gi\u00e1 Editor\u2019s Choice, v\u00e0 theo s\u00e1t \u0111\u00f3 l\u00e0 \u0111i\u1ec3m s\u1ed1 5 \u2b50 tuy\u1ec7t \u0111\u1ed1i t\u1eeb <a href=\"https:\/\/www.whathifi.com\/reviews\/focal-clear-mg\" target=\"_blank\" rel=\"noopener\">What Hi-Fi?<\/a> . Trong khi \u0111\u00f3, <a href=\"https:\/\/www.headphonesty.com\/2022\/11\/review-focal-clear-mg\/\" target=\"_blank\" rel=\"noopener\">Headphonesty<\/a> kh\u1eb3ng \u0111\u1ecbnh Clear MG \u0111\u00e3 ch\u1ea1m \u0111\u1ebfn ng\u01b0\u1ee1ng c\u1eeda c\u1ee7a s\u1ef1 ho\u00e0n h\u1ea3o.<\/p>\n<p>T\u1ea5t c\u1ea3 nh\u1eefng \u0111i\u1ec1u tuy\u1ec7t v\u1eddi \u0111\u00f3 c\u00f3 \u0111\u01b0\u1ee3c l\u00e0 nh\u1edd Focal \u0111\u00e3 trang b\u1ecb driver h\u00ecnh ch\u1eef M danh ti\u1ebfng v\u1edbi v\u00f2m loa b\u1eb1ng Magnesium ho\u00e0n to\u00e0n m\u1edbi, t\u1ea1o n\u00ean s\u1ef1 k\u1ebft h\u1ee3p ho\u00e0n h\u1ea3o gi\u1eefa tr\u1ecdng l\u01b0\u1ee3ng si\u00eau nh\u1eb9, \u0111\u1ed9 c\u1ee9ng t\u1ed1i \u01b0u v\u00e0 kh\u1ea3 n\u0103ng gi\u1ea3m ch\u1ea5n ho\u00e0n h\u1ea3o.<\/p>\n<p><center><iframe src=\"https:\/\/www.youtube.com\/embed\/_YM6UQJH1TI\" width=\"560\" height=\"315\" frameborder=\"0\" allowfullscreen=\"allowfullscreen\"><\/iframe><\/center>Nh\u1edd tr\u1ecdng l\u01b0\u1ee3ng th\u1eadm ch\u00ed c\u00f2n nh\u1eb9 h\u01a1n c\u1ea3 Beryllium, k\u1ebft h\u1ee3p c\u00f9ng ph\u1ea7n vi\u1ec1n nh\u00fan (suspension) si\u00eau linh ho\u1ea1t v\u00e0 h\u1ec7 th\u1ed1ng nam ch\u00e2m c\u00f3 kh\u1ea3 n\u0103ng t\u1ea1o ra l\u1ef1c t\u1eeb h\u01a1n 1 Tesla, ch\u1ea5t li\u1ec7u Magnesium n\u00e0y mang \u0111\u1ebfn cho Clear MG t\u1ed1c \u0111\u1ed9 ph\u1ea3n h\u1ed3i (transient speed) v\u00e0 \u0111\u1ed9 chi ti\u1ebft tuy\u1ec7t v\u1eddi m\u00e0 kh\u00f4ng h\u1ec1 g\u00e2y c\u1ea3m gi\u00e1c ch\u00f3i g\u1eaft.<\/p>\n<p>\u0110\u01b0\u1ee3c thi\u1ebft k\u1ebf \u0111\u1ec3 chuy\u1ec3n \u0111\u1ed9ng t\u1ecbnh ti\u1ebfn ho\u00e0n h\u1ea3o nh\u01b0 m\u1ed9t piston, kho\u1ea3ng dao \u0111\u1ed9ng r\u1ed9ng c\u1ee7a driver mang l\u1ea1i cho d\u1ea3i bass tr\u00ean Clear MG s\u1ef1 hi\u1ec7n di\u1ec7n m\u1ea1nh m\u1ebd, t\u1ed1c \u0111\u1ed9 ph\u1ea3n h\u1ed3i c\u1ef1c nhanh c\u00f9ng \u0111\u1ed9 \u0111\u1ed9ng xu\u1ea5t s\u1eafc.<\/p>\n<p>Nh\u1eefng \u0111\u1eb7c t\u00ednh n\u00e0y v\u1eabn \u0111\u01b0\u1ee3c duy tr\u00ec tr\u1ecdn v\u1eb9n ngay c\u1ea3 khi t\u1ea7n s\u1ed1 t\u0103ng cao. K\u00edch th\u01b0\u1edbc driver 40mm khi\u00eam t\u1ed1n c\u1ee7a Focal k\u1ebft h\u1ee3p c\u00f9ng \u0111\u1eb7c t\u00ednh gi\u1ea3m ch\u1ea5n tuy\u1ec7t v\u1eddi c\u1ee7a v\u1eadt li\u1ec7u Magnesium gi\u00fap m\u00e0ng loa lu\u00f4n gi\u1eef v\u1eefng chuy\u1ec3n \u0111\u1ed9ng t\u1ecbnh ti\u1ebfn (pistonic), ng\u0103n ch\u1eb7n t\u00ecnh tr\u1ea1ng bi\u1ebfn d\u1ea1ng ph\u00e2n m\u1ea3nh (modal break-up) g\u00e2y ra nh\u1eefng ti\u1ebfng ch\u00f3i g\u1eaft \u1edf d\u1ea3i cao.<\/p>\n<p>Chi ti\u1ebft d\u1ea3i cao v\u1eabn gi\u1eef \u0111\u01b0\u1ee3c ch\u1ea5t \u00e2m \u1ea5m \u00e1p v\u00e0 t\u1ef1 nhi\u00ean \u0111\u1eb7c tr\u01b0ng. Kh\u1ea3 n\u0103ng t\u00e1i t\u1ea1o \u0111\u1ed9 tho\u00e1ng (air) v\u00e0 \u00e2m tr\u01b0\u1eddng c\u1ee7a Clear MG \u0111\u01b0\u1ee3c h\u1ed7 tr\u1ee3 \u0111\u1eafc l\u1ef1c b\u1edfi l\u1edbp l\u01b0\u1edbi t\u1ed5 ong h\u00ecnh ch\u1eef M, b\u1ea3o v\u1ec7 cho h\u1ec7 th\u1ed1ng driver c\u00f3 c\u1ea5u tr\u00fac m\u1edf c\u1ef1c k\u1ef3 \u1ea5n t\u01b0\u1ee3ng. Kh\u00f4ng kh\u00ed tho\u00e1t ra ph\u00eda sau earcup qua c\u00e1c \u0111\u01b0\u1eddng d\u1eabn l\u1edbn h\u01a1n, m\u01b0\u1ee3t m\u00e0 h\u01a1n, v\u1edbi l\u01b0\u1edbi t\u1ea3n nhi\u1ec7t \u0111\u01b0\u1ee3c m\u1edf r\u1ed9ng c\u1ea3 b\u00ean trong l\u1eabn b\u00ean ngo\u00e0i.<\/p>\n<p><center><iframe title=\"YouTube video player\" src=\"https:\/\/www.youtube.com\/embed\/QNJmX7sTnEs?start=375\" width=\"560\" height=\"315\" frameborder=\"0\" allowfullscreen=\"allowfullscreen\"><\/iframe><\/center>K\u1ebf th\u1eeba truy\u1ec1n th\u1ed1ng c\u1ee7a d\u00f2ng Clear v\u1edbi \u0111\u00e1p tuy\u1ebfn ph\u1eb3ng (linear), nh\u01b0ng \u0111\u01b0\u1ee3c t\u00f4 \u0111i\u1ec3m th\u00eam m\u1ed9t ch\u00fat \u1ea5m \u00e1p \u0111\u1ea7y tinh t\u1ebf, Clear MG ti\u1ebfp t\u1ee5c kh\u1eb3ng \u0111\u1ecbnh v\u1ecb th\u1ebf l\u00e0 m\u1eabu tai nghe tham chi\u1ebfu c\u1ee7a gi\u1edbi Head-Fi \u1edf b\u1ea5t c\u1ee9 n\u01a1i \u0111\u00e2u. <a href=\"https:\/\/www.t3.com\/reviews\/focal-clear-mg-review\" target=\"_blank\" rel=\"noopener\">T\u1ea1p ch\u00ed T3<\/a> nh\u1eadn \u0111\u1ecbnh: \"R\u1ea5t \u00edt m\u1eabu tai nghe n\u00e0o c\u00f3 th\u1ec3 khi\u1ebfn b\u1ea1n d\u1ec5 d\u00e0ng \u0111\u1eafm ch\u00ecm v\u00e0o \u00e2m nh\u1ea1c \u0111\u1ebfn v\u1eady\". Trong khi \u0111\u00f3,\u00a0<a href=\"https:\/\/hifitrends.com\/2022\/06\/15\/focal-clear-mg-headphone-review-beauty-and-beast\/\" target=\"_blank\" rel=\"noopener\">HIFI Trends<\/a> ca ng\u1ee3i s\u1ef1 \"b\u1eadc th\u1ea7y\" c\u1ee7a Clear MG th\u00f4ng qua \"\u0111\u1ed9 s\u1ed1ng \u0111\u1ed9ng v\u00e0 s\u1ef1 r\u1ef1c r\u1ee1 \u0111\u1ea7y n\u0103ng l\u01b0\u1ee3ng nh\u01b0 m\u1ed9t c\u1eb7p loa cao c\u1ea5p\".<\/p>\n<p>S\u1ee3i c\u00e1p chu\u1ea9n 4-pin XLR \u0111i k\u00e8m gi\u00fap ho\u00e0n thi\u1ec7n b\u1ed9 s\u1ea3n ph\u1ea9m \u0111\u1ec3 s\u1eb5n s\u00e0ng k\u1ebft h\u1ee3p c\u00f9ng c\u00e1c <a href=\"https:\/\/zeppelinandco.com\/collections\/dac-amp\" target=\"_blank\" rel=\"noopener\">h\u1ec7 th\u1ed1ng \u00e2m thanh \u0111\u1ec3 b\u00e0n chuy\u00ean d\u1ee5ng<\/a>. Trong khi \u0111\u00f3, <a href=\"https:\/\/zeppelinandco.com\/collections\/all\/products\/headfi-singapore-headphones-earphones-audiophile-amplifier-dac-dap-music-player-tws-focal-hardshell-carrying-case\" target=\"_blank\" rel=\"noopener\">h\u1ed9p \u0111\u1ef1ng cao c\u1ea5p c\u1ee7a Focal<\/a>, c\u00e1p jack 3.5mm c\u00f9ng m\u1ee9c tr\u1edf kh\u00e1ng 55 ohm c\u1ef1c k\u1ef3 linh ho\u1ea1t s\u1ebd \u0111\u1ea3m b\u1ea3o tr\u1ea3i nghi\u1ec7m \u00e2m nh\u1ea1c \u0111\u1ec9nh cao t\u1eeb c\u00e1c <a href=\"https:\/\/zeppelinandco.com\/collections\/digital-audio-players\" target=\"_blank\" rel=\"noopener\">m\u00e1y nghe nh\u1ea1c<\/a>\u00a0di \u0111\u1ed9ng trong su\u1ed1t nh\u1eefng chuy\u1ebfn h\u00e0nh tr\u00ecnh c\u1ee7a b\u1ea1n.<\/p>\n<p>Nh\u1eefng \u1ee9ng c\u1eed vi\u00ean ho\u00e0n h\u1ea3o cho nhu c\u1ea7u nghe nh\u1ea1c di \u0111\u1ed9ng \u0111\u00e1ng \u0111\u1ec3 c\u00e2n nh\u1eafc ch\u00ednh l\u00e0 <a href=\"https:\/\/zeppelinandco.com\/collections\/all\/brand_cayin\" target=\"_blank\" rel=\"noopener\">Cayin Audio<\/a>&#8216;s <a href=\"https:\/\/zeppelinandco.com\/products\/cayin-ru7\" target=\"_blank\" rel=\"noopener\">RU7<\/a>,\u00a0<a href=\"https:\/\/zeppelinandco.com\/collections\/all\/brand_hiby\" target=\"_blank\" rel=\"noopener\">HiBy Music<\/a>&#8216;s <a href=\"https:\/\/zeppelinandco.com\/products\/hiby-r6iii\" target=\"_blank\" rel=\"noopener\">R6 III<\/a>\u00a0<a href=\"https:\/\/zeppelinandco.com\/products\/hiby-r6-pro-ii\" target=\"_blank\" rel=\"noopener\">, R6 Pro II<\/a>\u00a0v\u00e0 <a href=\"https:\/\/zeppelinandco.com\/products\/hiby-r8ii\" target=\"_blank\" rel=\"noopener\">R8II<\/a>, c\u0169ng nh\u01b0<a href=\"https:\/\/zeppelinandco.com\/collections\/all\/brand_ibasso\" target=\"_blank\" rel=\"noopener\" data-mce-fragment=\"1\">iBasso Audio<\/a><span data-mce-fragment=\"1\">&#8216;s <a href=\"https:\/\/zeppelinandco.com\/products\/ibasso-dc07-pro\" target=\"_blank\" rel=\"noopener\">DC07 Pro<\/a> v\u00e0\u00a0<\/span><a href=\"https:\/\/zeppelinandco.com\/products\/ibasso-dx240\" target=\"_blank\" rel=\"noopener\" data-mce-fragment=\"1\">DX180<\/a>.<\/p>\n<p>\u0110\u1ec3 n\u00e2ng c\u1ea5p tr\u1ea3i nghi\u1ec7m l\u00ean m\u1ed9t t\u1ea7m cao m\u1edbi, h\u00e3y c\u00e2n nh\u1eafc m\u1eabu c\u00e1p \u0111\u1ed3ng m\u1ea1 b\u1ea1c <a href=\"https:\/\/zeppelinandco.com\/collections\/all\/brand_ibasso\" target=\"_blank\" rel=\"noopener\">iBasso Audio<\/a>chu\u1ea9n 4.4mm <a href=\"https:\/\/zeppelinandco.com\/products\/ibasso-cb17\" target=\"_blank\" rel=\"noopener\">CB17<\/a>\u00a0. B\u1ea1n c\u0169ng c\u00f3 th\u1ec3 kh\u00e1m ph\u00e1 to\u00e0n b\u1ed9 d\u1ea3i s\u1ea3n ph\u1ea9m c\u1ee7a Focal <a href=\"https:\/\/zeppelinandco.com\/collections\/all\/brand_focal\" target=\"_blank\" rel=\"noopener\">t\u1ea1i \u0111\u00e2y<\/a>, ho\u1eb7c tham kh\u1ea3o nh\u1eefng m\u1eabu tai nghe kh\u00e1c c\u1ee7a ch\u00fang t\u00f4i <a href=\"https:\/\/zeppelinandco.com\/collections\/headphones\" target=\"_blank\" rel=\"noopener\">t\u1ea1i \u0111\u00e2y<\/a>.<\/p>","protected":false},"excerpt":{"rendered":"<p>After the brilliance of\u00a0beryllium, <a href=\"https:\/\/zeppelinandco.com\/collections\/all\/brand_focal\" target=\"_blank\" rel=\"noopener\">Focal<\/a>&#8216;s next rabbit out of the hat is magnesium magic, with the launch of Clear MG. Its predecessor <a href=\"https:\/\/www.stereophile.com\/content\/focal-clear-over-ear-open-headphones\" target=\"_blank\" rel=\"noopener\">Clear<\/a> needs no introduction to the modern hobbyist for a perceivably flat response and excellent dynamic qualities.<\/p>\n<p><center><iframe src=\"https:\/\/www.youtube.com\/embed\/mv9VCHGS5tw\" width=\"560\" height=\"315\" frameborder=\"0\" allowfullscreen=\"allowfullscreen\" data-mce-fragment=\"1\"><\/iframe><\/center>But Focal have found a way to improve on that performance yet with Clear MG, with a drastically increased portrayal of head space, and sub-bass that\u00a0plunges deeper into the abyss.\u00a0<strong>[See Product Desc. For More]<\/strong><\/p>\n","protected":false},"featured_media":13864,"comment_status":"open","ping_status":"closed","template":"","meta":{"_acf_changed":false},"product_brand":[154],"product_cat":[398,20],"product_tag":[168,291,170,198,199,200],"pa_accessories":[],"pa_headphones":[],"pa_connection":[471],"pa_fit":[],"pa_type":[],"pa_cases":[],"class_list":{"0":"post-11320","1":"product","2":"type-product","3":"status-publish","4":"has-post-thumbnail","6":"product_brand-focal","7":"product_cat-all-products","8":"product_cat-headphones","9":"product_tag-audio","10":"product_tag-brand_focal","11":"product_tag-connection_wired","12":"product_tag-headphone_open-back","13":"product_tag-headphones","14":"product_tag-wired-headphones","15":"pa_connection-wired","17":"entry","18":"has-media","20":"first","21":"instock","22":"shipping-taxable","23":"purchasable","24":"product-type-simple","25":"col","26":"span_1_of_4","27":"owp-content-left","28":"owp-thumbs-layout-horizontal","29":"owp-btn-very-big","30":"owp-tabs-layout-vertical"},"acf":[],"yoast_head":"<!-- This site is optimized with the Yoast SEO plugin v27.4 - https:\/\/yoast.com\/product\/yoast-seo-wordpress\/ -->\n<title>Focal Clear MG - The Audio People<\/title>\n<meta name=\"robots\" content=\"index, follow, max-snippet:-1, max-image-preview:large, max-video-preview:-1\" \/>\n<link rel=\"canonical\" href=\"https:\/\/theaudiopeople.com.vn\/vi\/san-pham\/focal-clear-mg\/\" \/>\n<meta property=\"og:locale\" content=\"vi_VN\" \/>\n<meta property=\"og:type\" content=\"article\" \/>\n<meta property=\"og:title\" content=\"Focal Clear MG - The Audio People\" \/>\n<meta property=\"og:description\" content=\"After the brilliance of\u00a0beryllium, Focal&#039;s next rabbit out of the hat is magnesium magic, with the launch of Clear MG. Its predecessor Clear needs no introduction to the modern hobbyist for a perceivably flat response and excellent dynamic qualities.  But Focal have found a way to improve on that performance yet with Clear MG, with a drastically increased portrayal of head space, and sub-bass that\u00a0plunges deeper into the abyss.\u00a0[See Product Desc. For More]\" \/>\n<meta property=\"og:url\" content=\"https:\/\/theaudiopeople.com.vn\/vi\/san-pham\/focal-clear-mg\/\" \/>\n<meta property=\"og:site_name\" content=\"The Audio People\" \/>\n<meta property=\"article:modified_time\" content=\"2026-03-12T12:45:47+00:00\" \/>\n<meta property=\"og:image\" content=\"https:\/\/theaudiopeople.com.vn\/wp-content\/uploads\/2025\/10\/ACP_FOCAL_CLEAR_MG_1000x.webp\" \/>\n\t<meta property=\"og:image:width\" content=\"1000\" \/>\n\t<meta property=\"og:image:height\" content=\"1000\" \/>\n\t<meta property=\"og:image:type\" content=\"image\/webp\" \/>\n<meta name=\"twitter:card\" content=\"summary_large_image\" \/>\n<meta name=\"twitter:label1\" content=\"\u01af\u1edbc t\u00ednh th\u1eddi gian \u0111\u1ecdc\" \/>\n\t<meta name=\"twitter:data1\" content=\"2 ph\u00fat\" \/>\n<script type=\"application\/ld+json\" class=\"yoast-schema-graph\">{\"@context\":\"https:\\\/\\\/schema.org\",\"@graph\":[{\"@type\":\"WebPage\",\"@id\":\"https:\\\/\\\/theaudiopeople.com.vn\\\/product\\\/focal-clear-mg\\\/\",\"url\":\"https:\\\/\\\/theaudiopeople.com.vn\\\/product\\\/focal-clear-mg\\\/\",\"name\":\"Focal Clear MG - The Audio People\",\"isPartOf\":{\"@id\":\"https:\\\/\\\/theaudiopeople.com.vn\\\/#website\"},\"primaryImageOfPage\":{\"@id\":\"https:\\\/\\\/theaudiopeople.com.vn\\\/product\\\/focal-clear-mg\\\/#primaryimage\"},\"image\":{\"@id\":\"https:\\\/\\\/theaudiopeople.com.vn\\\/product\\\/focal-clear-mg\\\/#primaryimage\"},\"thumbnailUrl\":\"https:\\\/\\\/theaudiopeople.com.vn\\\/wp-content\\\/uploads\\\/2025\\\/10\\\/ACP_FOCAL_CLEAR_MG_1000x.webp\",\"datePublished\":\"2025-10-05T09:45:04+00:00\",\"dateModified\":\"2026-03-12T12:45:47+00:00\",\"breadcrumb\":{\"@id\":\"https:\\\/\\\/theaudiopeople.com.vn\\\/product\\\/focal-clear-mg\\\/#breadcrumb\"},\"inLanguage\":\"vi\",\"potentialAction\":[{\"@type\":\"ReadAction\",\"target\":[\"https:\\\/\\\/theaudiopeople.com.vn\\\/product\\\/focal-clear-mg\\\/\"]}]},{\"@type\":\"ImageObject\",\"inLanguage\":\"vi\",\"@id\":\"https:\\\/\\\/theaudiopeople.com.vn\\\/product\\\/focal-clear-mg\\\/#primaryimage\",\"url\":\"https:\\\/\\\/theaudiopeople.com.vn\\\/wp-content\\\/uploads\\\/2025\\\/10\\\/ACP_FOCAL_CLEAR_MG_1000x.webp\",\"contentUrl\":\"https:\\\/\\\/theaudiopeople.com.vn\\\/wp-content\\\/uploads\\\/2025\\\/10\\\/ACP_FOCAL_CLEAR_MG_1000x.webp\",\"width\":1000,\"height\":1000},{\"@type\":\"BreadcrumbList\",\"@id\":\"https:\\\/\\\/theaudiopeople.com.vn\\\/product\\\/focal-clear-mg\\\/#breadcrumb\",\"itemListElement\":[{\"@type\":\"ListItem\",\"position\":1,\"name\":\"Home\",\"item\":\"https:\\\/\\\/theaudiopeople.com.vn\\\/\"},{\"@type\":\"ListItem\",\"position\":2,\"name\":\"Products\",\"item\":\"https:\\\/\\\/theaudiopeople.com.vn\\\/shop\\\/\"},{\"@type\":\"ListItem\",\"position\":3,\"name\":\"Focal Clear MG\"}]},{\"@type\":\"WebSite\",\"@id\":\"https:\\\/\\\/theaudiopeople.com.vn\\\/#website\",\"url\":\"https:\\\/\\\/theaudiopeople.com.vn\\\/\",\"name\":\"The Audio People\",\"description\":\"\",\"potentialAction\":[{\"@type\":\"SearchAction\",\"target\":{\"@type\":\"EntryPoint\",\"urlTemplate\":\"https:\\\/\\\/theaudiopeople.com.vn\\\/?s={search_term_string}\"},\"query-input\":{\"@type\":\"PropertyValueSpecification\",\"valueRequired\":true,\"valueName\":\"search_term_string\"}}],\"inLanguage\":\"vi\"}]}<\/script>\n<!-- \/ Yoast SEO plugin. -->","yoast_head_json":{"title":"Focal Clear MG - The Audio People","robots":{"index":"index","follow":"follow","max-snippet":"max-snippet:-1","max-image-preview":"max-image-preview:large","max-video-preview":"max-video-preview:-1"},"canonical":"https:\/\/theaudiopeople.com.vn\/vi\/san-pham\/focal-clear-mg\/","og_locale":"vi_VN","og_type":"article","og_title":"Focal Clear MG - The Audio People","og_description":"After the brilliance of\u00a0beryllium, Focal's next rabbit out of the hat is magnesium magic, with the launch of Clear MG. Its predecessor Clear needs no introduction to the modern hobbyist for a perceivably flat response and excellent dynamic qualities.  But Focal have found a way to improve on that performance yet with Clear MG, with a drastically increased portrayal of head space, and sub-bass that\u00a0plunges deeper into the abyss.\u00a0[See Product Desc. For More]","og_url":"https:\/\/theaudiopeople.com.vn\/vi\/san-pham\/focal-clear-mg\/","og_site_name":"The Audio People","article_modified_time":"2026-03-12T12:45:47+00:00","og_image":[{"width":1000,"height":1000,"url":"https:\/\/theaudiopeople.com.vn\/wp-content\/uploads\/2025\/10\/ACP_FOCAL_CLEAR_MG_1000x.webp","type":"image\/webp"}],"twitter_card":"summary_large_image","twitter_misc":{"\u01af\u1edbc t\u00ednh th\u1eddi gian \u0111\u1ecdc":"2 ph\u00fat"},"schema":{"@context":"https:\/\/schema.org","@graph":[{"@type":"WebPage","@id":"https:\/\/theaudiopeople.com.vn\/product\/focal-clear-mg\/","url":"https:\/\/theaudiopeople.com.vn\/product\/focal-clear-mg\/","name":"Focal Clear MG - The Audio People","isPartOf":{"@id":"https:\/\/theaudiopeople.com.vn\/#website"},"primaryImageOfPage":{"@id":"https:\/\/theaudiopeople.com.vn\/product\/focal-clear-mg\/#primaryimage"},"image":{"@id":"https:\/\/theaudiopeople.com.vn\/product\/focal-clear-mg\/#primaryimage"},"thumbnailUrl":"https:\/\/theaudiopeople.com.vn\/wp-content\/uploads\/2025\/10\/ACP_FOCAL_CLEAR_MG_1000x.webp","datePublished":"2025-10-05T09:45:04+00:00","dateModified":"2026-03-12T12:45:47+00:00","breadcrumb":{"@id":"https:\/\/theaudiopeople.com.vn\/product\/focal-clear-mg\/#breadcrumb"},"inLanguage":"vi","potentialAction":[{"@type":"ReadAction","target":["https:\/\/theaudiopeople.com.vn\/product\/focal-clear-mg\/"]}]},{"@type":"ImageObject","inLanguage":"vi","@id":"https:\/\/theaudiopeople.com.vn\/product\/focal-clear-mg\/#primaryimage","url":"https:\/\/theaudiopeople.com.vn\/wp-content\/uploads\/2025\/10\/ACP_FOCAL_CLEAR_MG_1000x.webp","contentUrl":"https:\/\/theaudiopeople.com.vn\/wp-content\/uploads\/2025\/10\/ACP_FOCAL_CLEAR_MG_1000x.webp","width":1000,"height":1000},{"@type":"BreadcrumbList","@id":"https:\/\/theaudiopeople.com.vn\/product\/focal-clear-mg\/#breadcrumb","itemListElement":[{"@type":"ListItem","position":1,"name":"Home","item":"https:\/\/theaudiopeople.com.vn\/"},{"@type":"ListItem","position":2,"name":"Products","item":"https:\/\/theaudiopeople.com.vn\/shop\/"},{"@type":"ListItem","position":3,"name":"Focal Clear MG"}]},{"@type":"WebSite","@id":"https:\/\/theaudiopeople.com.vn\/#website","url":"https:\/\/theaudiopeople.com.vn\/","name":"The Audio People","description":"","potentialAction":[{"@type":"SearchAction","target":{"@type":"EntryPoint","urlTemplate":"https:\/\/theaudiopeople.com.vn\/?s={search_term_string}"},"query-input":{"@type":"PropertyValueSpecification","valueRequired":true,"valueName":"search_term_string"}}],"inLanguage":"vi"}]}},"_links":{"self":[{"href":"https:\/\/theaudiopeople.com.vn\/vi\/wp-json\/wp\/v2\/product\/11320","targetHints":{"allow":["GET"]}}],"collection":[{"href":"https:\/\/theaudiopeople.com.vn\/vi\/wp-json\/wp\/v2\/product"}],"about":[{"href":"https:\/\/theaudiopeople.com.vn\/vi\/wp-json\/wp\/v2\/types\/product"}],"replies":[{"embeddable":true,"href":"https:\/\/theaudiopeople.com.vn\/vi\/wp-json\/wp\/v2\/comments?post=11320"}],"wp:featuredmedia":[{"embeddable":true,"href":"https:\/\/theaudiopeople.com.vn\/vi\/wp-json\/wp\/v2\/media\/13864"}],"wp:attachment":[{"href":"https:\/\/theaudiopeople.com.vn\/vi\/wp-json\/wp\/v2\/media?parent=11320"}],"wp:term":[{"taxonomy":"product_brand","embeddable":true,"href":"https:\/\/theaudiopeople.com.vn\/vi\/wp-json\/wp\/v2\/product_brand?post=11320"},{"taxonomy":"product_cat","embeddable":true,"href":"https:\/\/theaudiopeople.com.vn\/vi\/wp-json\/wp\/v2\/product_cat?post=11320"},{"taxonomy":"product_tag","embeddable":true,"href":"https:\/\/theaudiopeople.com.vn\/vi\/wp-json\/wp\/v2\/product_tag?post=11320"},{"taxonomy":"pa_accessories","embeddable":true,"href":"https:\/\/theaudiopeople.com.vn\/vi\/wp-json\/wp\/v2\/pa_accessories?post=11320"},{"taxonomy":"pa_headphones","embeddable":true,"href":"https:\/\/theaudiopeople.com.vn\/vi\/wp-json\/wp\/v2\/pa_headphones?post=11320"},{"taxonomy":"pa_connection","embeddable":true,"href":"https:\/\/theaudiopeople.com.vn\/vi\/wp-json\/wp\/v2\/pa_connection?post=11320"},{"taxonomy":"pa_fit","embeddable":true,"href":"https:\/\/theaudiopeople.com.vn\/vi\/wp-json\/wp\/v2\/pa_fit?post=11320"},{"taxonomy":"pa_type","embeddable":true,"href":"https:\/\/theaudiopeople.com.vn\/vi\/wp-json\/wp\/v2\/pa_type?post=11320"},{"taxonomy":"pa_cases","embeddable":true,"href":"https:\/\/theaudiopeople.com.vn\/vi\/wp-json\/wp\/v2\/pa_cases?post=11320"}],"curies":[{"name":"wp","href":"https:\/\/api.w.org\/{rel}","templated":true}]}}