{"id":11323,"date":"2025-10-05T09:45:04","date_gmt":"2025-10-05T09:45:04","guid":{"rendered":"https:\/\/poiesistech.com\/audiopeople\/?post_type=product&#038;p=11323"},"modified":"2026-03-12T12:45:47","modified_gmt":"2026-03-12T12:45:47","slug":"focal-stellia","status":"publish","type":"product","link":"https:\/\/theaudiopeople.com.vn\/vi\/san-pham\/focal-stellia\/","title":{"rendered":"Focal Stellia"},"content":{"rendered":"<p>&nbsp;<\/p>\n<p><!--split--><\/p>\n<p><center><iframe title=\"YouTube video player\" src=\"https:\/\/www.youtube.com\/embed\/WvewtNDXDaI\" width=\"560\" height=\"315\" frameborder=\"0\" allowfullscreen=\"allowfullscreen\"><\/iframe><\/center>T\u1ea5t c\u1ea3 nh\u1eefng \u01b0u \u0111i\u1ec3m \u0111\u00f3 \u0111\u01b0\u1ee3c g\u00f3i g\u1ecdn trong thi\u1ebft k\u1ebf closed-back v\u1edbi kh\u1ea3 n\u0103ng c\u00e1ch \u00e2m tuy\u1ec7t v\u1eddi. \u0110\u1eb7c t\u00ednh easy-to-drive bi\u1ebfn Stellia th\u00e0nh m\u1ed9t ng\u01b0\u1eddi b\u1ea1n \u0111\u1ed3ng h\u00e0nh l\u00fd t\u01b0\u1edfng, mang \u0111\u1ebfn ch\u1ea5t \u00e2m tham chi\u1ebfu ngay c\u1ea3 khi s\u1eed d\u1ee5ng v\u1edbi \u0111i\u1ec7n tho\u1ea1i th\u00f4ng minh... hay \u0111\u1ea1t \u0111\u1ebfn ch\u1ea5t l\u01b0\u1ee3ng \u00e2m thanh th\u01b0\u1ee3ng h\u1ea1ng th\u00f4ng qua b\u1ea5t k\u1ef3 <a href=\"tps:\/\/zeppelinandco.com\/collections\/digital-audio-players\" target=\"_blank\" rel=\"noopener\">m\u00e1y nghe nh\u1ea1c di \u0111\u1ed9ng<\/a>n\u00e0o, th\u1eadm ch\u00ed l\u00e0 c\u00e1c <a href=\"https:\/\/zeppelinandco.com\/collections\/dac-amp\" target=\"_blank\" rel=\"noopener\">h\u1ec7 th\u1ed1ng \u0111\u1ec3 b\u00e0n<\/a>\u00a0chuy\u00ean d\u1ee5ng nh\u1edd b\u1ed9 c\u00e1p \u0111i k\u00e8m chu\u1ea9n 3.5mm v\u00e0 4-pin XLR.<\/p>\n<p style=\"text-align: left;\"><a href=\"https:\/\/positive-feedback.com\/reviews\/hardware-reviews\/focal-stellia-headphones\" target=\"_blank\" rel=\"noopener\">Positive Feedback<\/a> d\u00e0nh l\u1eddi khen ng\u1ee3i cho Stellia l\u00e0 \"m\u1ed9t chi\u1ebfc tai nghe khai th\u00e1c tri\u1ec7t \u0111\u1ec3 ch\u1ea5t \u00e2m d\u1ec5 nghe v\u1edbi s\u1ef1 c\u00e2n b\u1eb1ng \u00e2m s\u1eafc tuy\u1ec7t v\u1eddi, d\u1ea3i \u0111\u1ed9ng \u1ea5n t\u01b0\u1ee3ng v\u00e0 kh\u1ea3 n\u0103ng \u0111\u1ecbnh v\u1ecb \u00e2m h\u00ecnh ch\u00ednh x\u00e1c \u0111\u1ebfn t\u1eebng \u0111i\u1ec3m\". Trong m\u1ed9t b\u00e0i <a href=\"https:\/\/positive-feedback.com\/reviews\/hardware-reviews\/focal-stellia-headphones-2\/\" target=\"_blank\" rel=\"noopener\">\u0111\u00e1nh gi\u00e1 b\u1ed5 sung<\/a> , h\u1ecd nh\u1ea5n m\u1ea1nh th\u00eam r\u1eb1ng Stellia \"ph\u00e1t huy t\u1ed1i \u0111a nh\u1eefng th\u1ebf m\u1ea1nh truy\u1ec1n th\u1ed1ng c\u1ee7a d\u00f2ng tai nghe closed-back, v\u1edbi d\u1ea3i bass m\u1ea1nh m\u1ebd, ch\u1eb7t ch\u1ebd v\u00e0 v\u00f4 c\u00f9ng trong tr\u1ebbo\".<\/p>\n<p style=\"text-align: left;\"><a href=\"https:\/\/www.whathifi.com\/reviews\/focal-stellia\" target=\"_blank\" rel=\"noopener\">What Hi-Fi?<\/a> What Hi-Fi? \u0111\u00e3 d\u00e0nh cho Stellia tr\u1ecdn v\u1eb9n 5 \u2b50, trong khi <a href=\"https:\/\/www.audiophilia.com\/reviews\/2020\/1\/6\/pfe0t36r7mdsmwndg7orfkkppcjqxs\" target=\"_blank\" rel=\"noopener\">Audiophilia<\/a> g\u1ecdi \u0111\u00e2y l\u00e0 \"con dao qu\u00e2n \u0111\u1ed9i Th\u1ee5y S\u0129\" (chi\u1ebfc tai nghe \u0111a n\u0103ng b\u1eadc nh\u1ea5t) trong ph\u00e2n kh\u00fac flagship. Kh\u00f4ng \u0111\u1ee9ng ngo\u00e0i cu\u1ed9c, <a href=\"https:\/\/headfonics.com\/focal-stellia-review\/\" target=\"_blank\" rel=\"noopener\">Headfonics<\/a> k\u1ebft lu\u1eadn r\u1eb1ng \u0111\u00e2y l\u00e0 \"m\u1ed9t chi\u1ebfc tai nghe closed-back l\u00e0m \u0111\u01b0\u1ee3c nh\u1eefng \u0111i\u1ec1u t\u01b0\u1edfng ch\u1eebng nh\u01b0 kh\u00f4ng th\u1ec3, nh\u01b0ng Focal \u0111\u00e3 th\u1ef1c hi\u1ec7n th\u00e0nh c\u00f4ng.\"<\/p>\n<p><center><br \/>\n<iframe src=\"https:\/\/www.youtube.com\/embed\/aFDnbQ5e-Ic\" width=\"560\" height=\"315\" frameborder=\"0\" allowfullscreen=\"allowfullscreen\"><\/iframe><center><\/center><\/center><\/p>\n<p style=\"text-align: left;\">\u0110\u00e2y l\u00e0 m\u1ed9t th\u00e0nh t\u1ef1u c\u00f4ng ngh\u1ec7 vang d\u1ed9i trong th\u1ebf gi\u1edbi tai nghe \u0111\u00f3ng, m\u1ed9t ki\u1ec7t t\u00e1c \u0111\u00e3 \u0111\u01b0\u1ee3c ghi l\u1ea1i tr\u1ecdn v\u1eb9n v\u00e0 chi ti\u1ebft trong t\u00e0i li\u1ec7u\u00a0<a href=\"https:\/\/www.focal.com\/sites\/www.focal.fr\/files\/shared\/catalog\/document\/stellia-elegia_whitepaper.pdf\" target=\"_blank\" rel=\"noopener\">\"s\u00e1ch tr\u1eafng\"<\/a>chuy\u00ean s\u00e2u c\u1ee7a h\u00e3ng. B\u1ea1n c\u0169ng c\u00f3 th\u1ec3 kh\u00e1m ph\u00e1 to\u00e0n b\u1ed9 s\u1ea3n ph\u1ea9m Focal <a href=\"https:\/\/zeppelinandco.com\/collections\/all\/brand_focal\" target=\"_blank\" rel=\"noopener\">t\u1ea1i \u0111\u00e2y<\/a>, ho\u1eb7c tham kh\u1ea3o th\u00eam c\u00e1c d\u00f2ng\u00a0<a href=\"https:\/\/zeppelinandco.com\/collections\/headphones\" target=\"_blank\" rel=\"noopener\">tai nghe closed-back<\/a>\u00a0c\u00f9ng nh\u1eefng\u00a0<a href=\"https:\/\/zeppelinandco.com\/collections\/dac-amp\" target=\"_blank\" rel=\"noopener\">b\u1ed9 amply<\/a>\u00a0chuy\u00ean d\u1ee5ng \u0111\u1ec3 khai th\u00e1c t\u1ed1i \u0111a s\u1ee9c m\u1ea1nh c\u1ee7a ch\u00fang.<\/p>\n<p>&nbsp;<\/p>","protected":false},"excerpt":{"rendered":"<p>The spiritual descendant\u00a0of\u00a0<a href=\"https:\/\/zeppelinandco.com\/collections\/all\/brand_focal?sort_by=title-ascending\" target=\"_blank\" rel=\"noopener\">Focal<\/a>&#8216;s <a href=\"https:\/\/zeppelinandco.com\/products\/focal-utopia-2022\" target=\"_blank\" rel=\"noopener noreferrer\">Utopia<\/a> with a\u00a0beryllium driver, Stellia takes the defining\u00a0<a href=\"https:\/\/www.stereophile.com\/content\/focal-clear-over-ear-open-headphones\" target=\"_blank\" rel=\"noopener\">Clear<\/a> tuning and turns up resolution, speed and dynamics significantly.<\/p>\n<p>Their experience as pedigreed speaker manufacturers means Stellia is\u00a0capable of\u00a0delivering some of the lowest bass and most\u00a0natural mids and highs you&#8217;ll ever experience. It\u00a0&#8220;illuminated details in music that <a href=\"https:\/\/www.audioholics.com\/headphone-reviews\/focal-stellia-closed-back-headphone\" target=\"_blank\" rel=\"noopener\">Audioholics<\/a> had never heard before&#8221;, with its measurements served up by the side in tribute.\u00a0<strong>[See Product Desc. For More]<\/strong><\/p>\n","protected":false},"featured_media":11341,"comment_status":"open","ping_status":"closed","template":"","meta":{"_acf_changed":false},"product_brand":[154],"product_cat":[398,20],"product_tag":[168,291,170,214,199,200],"pa_accessories":[],"pa_headphones":[],"pa_connection":[471],"pa_fit":[],"pa_type":[],"pa_cases":[],"class_list":{"0":"post-11323","1":"product","2":"type-product","3":"status-publish","4":"has-post-thumbnail","6":"product_brand-focal","7":"product_cat-all-products","8":"product_cat-headphones","9":"product_tag-audio","10":"product_tag-brand_focal","11":"product_tag-connection_wired","12":"product_tag-headphone_closed-back","13":"product_tag-headphones","14":"product_tag-wired-headphones","15":"pa_connection-wired","17":"entry","18":"has-media","20":"first","21":"instock","22":"shipping-taxable","23":"purchasable","24":"product-type-simple","25":"col","26":"span_1_of_4","27":"owp-content-left","28":"owp-thumbs-layout-horizontal","29":"owp-btn-very-big","30":"owp-tabs-layout-vertical"},"acf":[],"yoast_head":"<!-- This site is optimized with the Yoast SEO plugin v27.4 - https:\/\/yoast.com\/product\/yoast-seo-wordpress\/ -->\n<title>Focal Stellia - The Audio People<\/title>\n<meta name=\"robots\" content=\"index, follow, max-snippet:-1, max-image-preview:large, max-video-preview:-1\" \/>\n<link rel=\"canonical\" href=\"https:\/\/theaudiopeople.com.vn\/vi\/san-pham\/focal-stellia\/\" \/>\n<meta property=\"og:locale\" content=\"vi_VN\" \/>\n<meta property=\"og:type\" content=\"article\" \/>\n<meta property=\"og:title\" content=\"Focal Stellia - The Audio People\" \/>\n<meta property=\"og:description\" content=\"The spiritual descendant\u00a0of\u00a0Focal&#039;s Utopia with a\u00a0beryllium driver, Stellia takes the defining\u00a0Clear tuning and turns up resolution, speed and dynamics significantly.  Their experience as pedigreed speaker manufacturers means Stellia is\u00a0capable of\u00a0delivering some of the lowest bass and most\u00a0natural mids and highs you&#039;ll ever experience. It\u00a0&quot;illuminated details in music that Audioholics had never heard before&quot;, with its measurements served up by the side in tribute.\u00a0[See Product Desc. For More]\" \/>\n<meta property=\"og:url\" content=\"https:\/\/theaudiopeople.com.vn\/vi\/san-pham\/focal-stellia\/\" \/>\n<meta property=\"og:site_name\" content=\"The Audio People\" \/>\n<meta property=\"article:modified_time\" content=\"2026-03-12T12:45:47+00:00\" \/>\n<meta property=\"og:image\" content=\"https:\/\/theaudiopeople.com.vn\/wp-content\/uploads\/2025\/10\/ACP_1080_FOCAL_stellia_cover.jpg\" \/>\n\t<meta property=\"og:image:width\" content=\"1080\" \/>\n\t<meta property=\"og:image:height\" content=\"1080\" \/>\n\t<meta property=\"og:image:type\" content=\"image\/jpeg\" \/>\n<meta name=\"twitter:card\" content=\"summary_large_image\" \/>\n<meta name=\"twitter:label1\" content=\"\u01af\u1edbc t\u00ednh th\u1eddi gian \u0111\u1ecdc\" \/>\n\t<meta name=\"twitter:data1\" content=\"1 ph\u00fat\" \/>\n<script type=\"application\/ld+json\" class=\"yoast-schema-graph\">{\"@context\":\"https:\\\/\\\/schema.org\",\"@graph\":[{\"@type\":\"WebPage\",\"@id\":\"https:\\\/\\\/theaudiopeople.com.vn\\\/product\\\/focal-stellia\\\/\",\"url\":\"https:\\\/\\\/theaudiopeople.com.vn\\\/product\\\/focal-stellia\\\/\",\"name\":\"Focal Stellia - The Audio People\",\"isPartOf\":{\"@id\":\"https:\\\/\\\/theaudiopeople.com.vn\\\/#website\"},\"primaryImageOfPage\":{\"@id\":\"https:\\\/\\\/theaudiopeople.com.vn\\\/product\\\/focal-stellia\\\/#primaryimage\"},\"image\":{\"@id\":\"https:\\\/\\\/theaudiopeople.com.vn\\\/product\\\/focal-stellia\\\/#primaryimage\"},\"thumbnailUrl\":\"https:\\\/\\\/theaudiopeople.com.vn\\\/wp-content\\\/uploads\\\/2025\\\/10\\\/ACP_1080_FOCAL_stellia_cover.jpg\",\"datePublished\":\"2025-10-05T09:45:04+00:00\",\"dateModified\":\"2026-03-12T12:45:47+00:00\",\"breadcrumb\":{\"@id\":\"https:\\\/\\\/theaudiopeople.com.vn\\\/product\\\/focal-stellia\\\/#breadcrumb\"},\"inLanguage\":\"vi\",\"potentialAction\":[{\"@type\":\"ReadAction\",\"target\":[\"https:\\\/\\\/theaudiopeople.com.vn\\\/product\\\/focal-stellia\\\/\"]}]},{\"@type\":\"ImageObject\",\"inLanguage\":\"vi\",\"@id\":\"https:\\\/\\\/theaudiopeople.com.vn\\\/product\\\/focal-stellia\\\/#primaryimage\",\"url\":\"https:\\\/\\\/theaudiopeople.com.vn\\\/wp-content\\\/uploads\\\/2025\\\/10\\\/ACP_1080_FOCAL_stellia_cover.jpg\",\"contentUrl\":\"https:\\\/\\\/theaudiopeople.com.vn\\\/wp-content\\\/uploads\\\/2025\\\/10\\\/ACP_1080_FOCAL_stellia_cover.jpg\",\"width\":1080,\"height\":1080},{\"@type\":\"BreadcrumbList\",\"@id\":\"https:\\\/\\\/theaudiopeople.com.vn\\\/product\\\/focal-stellia\\\/#breadcrumb\",\"itemListElement\":[{\"@type\":\"ListItem\",\"position\":1,\"name\":\"Home\",\"item\":\"https:\\\/\\\/theaudiopeople.com.vn\\\/\"},{\"@type\":\"ListItem\",\"position\":2,\"name\":\"Products\",\"item\":\"https:\\\/\\\/theaudiopeople.com.vn\\\/shop\\\/\"},{\"@type\":\"ListItem\",\"position\":3,\"name\":\"Focal Stellia\"}]},{\"@type\":\"WebSite\",\"@id\":\"https:\\\/\\\/theaudiopeople.com.vn\\\/#website\",\"url\":\"https:\\\/\\\/theaudiopeople.com.vn\\\/\",\"name\":\"The Audio People\",\"description\":\"\",\"potentialAction\":[{\"@type\":\"SearchAction\",\"target\":{\"@type\":\"EntryPoint\",\"urlTemplate\":\"https:\\\/\\\/theaudiopeople.com.vn\\\/?s={search_term_string}\"},\"query-input\":{\"@type\":\"PropertyValueSpecification\",\"valueRequired\":true,\"valueName\":\"search_term_string\"}}],\"inLanguage\":\"vi\"}]}<\/script>\n<!-- \/ Yoast SEO plugin. -->","yoast_head_json":{"title":"Focal Stellia - The Audio People","robots":{"index":"index","follow":"follow","max-snippet":"max-snippet:-1","max-image-preview":"max-image-preview:large","max-video-preview":"max-video-preview:-1"},"canonical":"https:\/\/theaudiopeople.com.vn\/vi\/san-pham\/focal-stellia\/","og_locale":"vi_VN","og_type":"article","og_title":"Focal Stellia - The Audio People","og_description":"The spiritual descendant\u00a0of\u00a0Focal's Utopia with a\u00a0beryllium driver, Stellia takes the defining\u00a0Clear tuning and turns up resolution, speed and dynamics significantly.  Their experience as pedigreed speaker manufacturers means Stellia is\u00a0capable of\u00a0delivering some of the lowest bass and most\u00a0natural mids and highs you'll ever experience. It\u00a0\"illuminated details in music that Audioholics had never heard before\", with its measurements served up by the side in tribute.\u00a0[See Product Desc. For More]","og_url":"https:\/\/theaudiopeople.com.vn\/vi\/san-pham\/focal-stellia\/","og_site_name":"The Audio People","article_modified_time":"2026-03-12T12:45:47+00:00","og_image":[{"width":1080,"height":1080,"url":"https:\/\/theaudiopeople.com.vn\/wp-content\/uploads\/2025\/10\/ACP_1080_FOCAL_stellia_cover.jpg","type":"image\/jpeg"}],"twitter_card":"summary_large_image","twitter_misc":{"\u01af\u1edbc t\u00ednh th\u1eddi gian \u0111\u1ecdc":"1 ph\u00fat"},"schema":{"@context":"https:\/\/schema.org","@graph":[{"@type":"WebPage","@id":"https:\/\/theaudiopeople.com.vn\/product\/focal-stellia\/","url":"https:\/\/theaudiopeople.com.vn\/product\/focal-stellia\/","name":"Focal Stellia - The Audio People","isPartOf":{"@id":"https:\/\/theaudiopeople.com.vn\/#website"},"primaryImageOfPage":{"@id":"https:\/\/theaudiopeople.com.vn\/product\/focal-stellia\/#primaryimage"},"image":{"@id":"https:\/\/theaudiopeople.com.vn\/product\/focal-stellia\/#primaryimage"},"thumbnailUrl":"https:\/\/theaudiopeople.com.vn\/wp-content\/uploads\/2025\/10\/ACP_1080_FOCAL_stellia_cover.jpg","datePublished":"2025-10-05T09:45:04+00:00","dateModified":"2026-03-12T12:45:47+00:00","breadcrumb":{"@id":"https:\/\/theaudiopeople.com.vn\/product\/focal-stellia\/#breadcrumb"},"inLanguage":"vi","potentialAction":[{"@type":"ReadAction","target":["https:\/\/theaudiopeople.com.vn\/product\/focal-stellia\/"]}]},{"@type":"ImageObject","inLanguage":"vi","@id":"https:\/\/theaudiopeople.com.vn\/product\/focal-stellia\/#primaryimage","url":"https:\/\/theaudiopeople.com.vn\/wp-content\/uploads\/2025\/10\/ACP_1080_FOCAL_stellia_cover.jpg","contentUrl":"https:\/\/theaudiopeople.com.vn\/wp-content\/uploads\/2025\/10\/ACP_1080_FOCAL_stellia_cover.jpg","width":1080,"height":1080},{"@type":"BreadcrumbList","@id":"https:\/\/theaudiopeople.com.vn\/product\/focal-stellia\/#breadcrumb","itemListElement":[{"@type":"ListItem","position":1,"name":"Home","item":"https:\/\/theaudiopeople.com.vn\/"},{"@type":"ListItem","position":2,"name":"Products","item":"https:\/\/theaudiopeople.com.vn\/shop\/"},{"@type":"ListItem","position":3,"name":"Focal Stellia"}]},{"@type":"WebSite","@id":"https:\/\/theaudiopeople.com.vn\/#website","url":"https:\/\/theaudiopeople.com.vn\/","name":"The Audio People","description":"","potentialAction":[{"@type":"SearchAction","target":{"@type":"EntryPoint","urlTemplate":"https:\/\/theaudiopeople.com.vn\/?s={search_term_string}"},"query-input":{"@type":"PropertyValueSpecification","valueRequired":true,"valueName":"search_term_string"}}],"inLanguage":"vi"}]}},"_links":{"self":[{"href":"https:\/\/theaudiopeople.com.vn\/vi\/wp-json\/wp\/v2\/product\/11323","targetHints":{"allow":["GET"]}}],"collection":[{"href":"https:\/\/theaudiopeople.com.vn\/vi\/wp-json\/wp\/v2\/product"}],"about":[{"href":"https:\/\/theaudiopeople.com.vn\/vi\/wp-json\/wp\/v2\/types\/product"}],"replies":[{"embeddable":true,"href":"https:\/\/theaudiopeople.com.vn\/vi\/wp-json\/wp\/v2\/comments?post=11323"}],"wp:featuredmedia":[{"embeddable":true,"href":"https:\/\/theaudiopeople.com.vn\/vi\/wp-json\/wp\/v2\/media\/11341"}],"wp:attachment":[{"href":"https:\/\/theaudiopeople.com.vn\/vi\/wp-json\/wp\/v2\/media?parent=11323"}],"wp:term":[{"taxonomy":"product_brand","embeddable":true,"href":"https:\/\/theaudiopeople.com.vn\/vi\/wp-json\/wp\/v2\/product_brand?post=11323"},{"taxonomy":"product_cat","embeddable":true,"href":"https:\/\/theaudiopeople.com.vn\/vi\/wp-json\/wp\/v2\/product_cat?post=11323"},{"taxonomy":"product_tag","embeddable":true,"href":"https:\/\/theaudiopeople.com.vn\/vi\/wp-json\/wp\/v2\/product_tag?post=11323"},{"taxonomy":"pa_accessories","embeddable":true,"href":"https:\/\/theaudiopeople.com.vn\/vi\/wp-json\/wp\/v2\/pa_accessories?post=11323"},{"taxonomy":"pa_headphones","embeddable":true,"href":"https:\/\/theaudiopeople.com.vn\/vi\/wp-json\/wp\/v2\/pa_headphones?post=11323"},{"taxonomy":"pa_connection","embeddable":true,"href":"https:\/\/theaudiopeople.com.vn\/vi\/wp-json\/wp\/v2\/pa_connection?post=11323"},{"taxonomy":"pa_fit","embeddable":true,"href":"https:\/\/theaudiopeople.com.vn\/vi\/wp-json\/wp\/v2\/pa_fit?post=11323"},{"taxonomy":"pa_type","embeddable":true,"href":"https:\/\/theaudiopeople.com.vn\/vi\/wp-json\/wp\/v2\/pa_type?post=11323"},{"taxonomy":"pa_cases","embeddable":true,"href":"https:\/\/theaudiopeople.com.vn\/vi\/wp-json\/wp\/v2\/pa_cases?post=11323"}],"curies":[{"name":"wp","href":"https:\/\/api.w.org\/{rel}","templated":true}]}}