{"id":11826,"date":"2025-10-05T09:56:04","date_gmt":"2025-10-05T09:56:04","guid":{"rendered":"https:\/\/poiesistech.com\/audiopeople\/?post_type=product&#038;p=11826"},"modified":"2026-03-12T12:45:50","modified_gmt":"2026-03-12T12:45:50","slug":"ifi-go-link-max","status":"publish","type":"product","link":"https:\/\/theaudiopeople.com.vn\/vi\/san-pham\/ifi-go-link-max\/","title":{"rendered":"iFi GO Link Max"},"content":{"rendered":"<p>Sau khi gi\u1ea3i m\u00e3, vi\u1ec7c iFi s\u1eed d\u1ee5ng r\u1ed9ng r\u00e3i c\u01a1 ch\u1ebf h\u1ed3i ti\u1ebfp \u00e2m gi\u00fap tri\u1ec7t ti\u00eau hi\u1ec7n t\u01b0\u1ee3ng m\u00e9o ti\u1ebfng v\u00e0 mang l\u1ea1i t\u1ef7 l\u1ec7 t\u00edn hi\u1ec7u tr\u00ean nhi\u1ec5u (SNR) c\u1ef1c l\u1edbn \u2013 v\u1edbi s\u1ef1 h\u1ed7 tr\u1ee3 \u0111\u1eafc l\u1ef1c t\u1eeb b\u1ed9 \u0111i\u1ec1u khi\u1ec3n \u00e2m l\u01b0\u1ee3ng analog t\u00edch h\u1ee3p trong c\u00e1c chip ES9219C.<\/p>\n<p>C\u00e1c b\u1ed9 \u0111\u1ec7m \u0111\u1ea7u ra v\u1edbi khu\u1ebfch \u0111\u1ea1i thu\u1eadt to\u00e1n m\u1ea1nh m\u1ebd c\u00f3 kh\u1ea3 n\u0103ng cung c\u1ea5p c\u00f4ng su\u1ea5t l\u1edbn, gi\u00fap \"k\u1ef3 quan nh\u1ecf b\u00e9\" n\u00e0y c\u1ee7a iFi h\u1ee9a h\u1eb9n mang l\u1ea1i h\u1ec7 s\u1ed1 ki\u1ec3m so\u00e1t rung ch\u1ea5n cao, trong khi v\u1eabn duy tr\u00ec \u0111\u1ed9 m\u00e9o ti\u1ebfng th\u1ea5p ngay c\u1ea3 v\u1edbi c\u00e1c m\u1ee9c tr\u1edf kh\u00e1ng th\u1ea5p \u0111\u1eb7c tr\u01b0ng c\u1ee7a\u00a0<a href=\"https:\/\/zeppelinandco.com\/collections\/earphones\" target=\"_blank\" rel=\"noopener\">IEM<\/a>s,\u00a0<a href=\"https:\/\/zeppelinandco.com\/collections\/all\/brand_focal\" target=\"_blank\" rel=\"noopener\">Focal<\/a>s,\u00a0<a href=\"https:\/\/zeppelinandco.com\/collections\/vendors?q=Fostex\" target=\"_blank\" rel=\"noopener\">Fostex<\/a>v\u00e0\u00a0<a href=\"https:\/\/zeppelinandco.com\/collections\/vendors?q=Rosson%20Audio%20Design\" target=\"_blank\" rel=\"noopener\">Rosson Audio Design<\/a>.<\/p>\n<p>D\u00f9 v\u1eady, m\u1ee9c t\u0103ng c\u01b0\u1eddng t\u00edn hi\u1ec7u n\u1ed9i b\u1ed9 trong v\u00f2ng l\u1eb7p k\u00edn v\u1eabn \u0111\u01b0\u1ee3c duy tr\u00ec \u1edf m\u1ee9c cao sau khi \u00e1p d\u1ee5ng c\u01a1 ch\u1ebf h\u1ed3i ti\u1ebfp \u00e2m xung quanh m\u1ea1ch analog c\u1ee7a chip khu\u1ebfch \u0111\u1ea1i thu\u1eadt to\u00e1n tr\u00ean GO Link Max.<\/p>\n<p>V\u00ec v\u1eady, \u0111i\u1ec3m th\u1ef1c s\u1ef1 t\u1ecfa s\u00e1ng c\u1ee7a thi\u1ebft b\u1ecb n\u00e0y ch\u00ednh l\u00e0 kh\u1ea3 n\u0103ng dao \u0111\u1ed9ng \u0111i\u1ec7n \u00e1p, gi\u00fap m\u1edf r\u1ed9ng kh\u00f4ng gian \u00e2m thanh cho b\u1ea5t k\u1ef3 chi\u1ebfc tai nghe tr\u1edf kh\u00e1ng cao n\u00e0o nh\u01b0\u00a0<a href=\"https:\/\/zeppelinandco.com\/products\/headfi-singapore-headphones-earphones-audiophile-amplifier-dac-dap-music-player-tws-audio-technica-ath-adx5000\" target=\"_blank\" rel=\"noopener\">Audio-Technica<\/a>,\u00a0<a href=\"https:\/\/zeppelinandco.com\/products\/headfi-singapore-headphones-earphones-audiophile-amplifier-dac-dap-music-player-tws-sennheiser-hd660s\" target=\"_blank\" rel=\"noopener\">Sennheiser<\/a>\u00a0v\u00e0\u00a0<a href=\"https:\/\/zeppelinandco.com\/collections\/all\/brand_zmf\" target=\"_blank\" rel=\"noopener\">ZMF Headphones<\/a>\u00a0m\u00e0 h\u1ea7u nh\u01b0 kh\u00f4ng c\u1ea7n g\u1eafng s\u1ee9c.<\/p>\n<p>Ch\u1ea5t l\u01b0\u1ee3ng t\u00edn hi\u1ec7u c\u1ee7a GO Link Max s\u1ebd \u0111\u01b0\u1ee3c truy\u1ec1n t\u1ea3i tr\u1ecdn v\u1eb9n \u0111\u1ebfn h\u1ea7u h\u1ebft m\u1ecdi thi\u1ebft b\u1ecb m\u00e0 b\u1ea1n ch\u1ecdn \u0111\u1ec3 ph\u1ed1i gh\u00e9p th\u00f4ng qua c\u1ed5ng xu\u1ea5t \u00e2m c\u00e2n b\u1eb1ng (balanced) 4.4mm.<\/p>\n<p>GO Link Max x\u1ee9ng \u0111\u00e1ng l\u00e0 m\u1ed9t \"ng\u00f4i sao\" \u0111\u1ea1i di\u1ec7n cho d\u00f2ng dongle DAC\/amp, cho \u0111\u1ebfn khi b\u1ea1n quy\u1ebft \u0111\u1ecbnh n\u00e2ng c\u1ea5p l\u00ean nh\u1eefng d\u00f2ng thi\u1ebft b\u1ecb cao c\u1ea5p h\u01a1n c\u1ee7a iFi <a href=\"https:\/\/zeppelinandco.com\/collections\/vendors?q=iFi\" target=\"_blank\" rel=\"noopener\">t\u1ea1i \u0111\u00e2y<\/a>ho\u1eb7c kh\u00e1m ph\u00e1 c\u00e1c l\u1ef1a ch\u1ecdn kh\u00e1c trong danh m\u1ee5c s\u1ea3n ph\u1ea9m c\u1ee7a ch\u00fang m\u00ecnh <a href=\"https:\/\/zeppelinandco.com\/collections\/portable-dac-amp-1\" target=\"_blank\" rel=\"noopener\">t\u1ea1i \u0111\u00e2y<\/a>.<\/p>","protected":false},"excerpt":{"rendered":"<p><a href=\"https:\/\/zeppelinandco.com\/collections\/vendors?q=iFi\" target=\"_blank\" rel=\"noopener\">iFi Audio<\/a>&#8216;s work with ESS Technology DACs continue, with balanced. GO Link Max, their latest balanced 4.4mm dongle, runs with dual ES9219C chips.<\/p>\n<p>What&#8217;s special about the ES9219C is that it grants GO Link access to its on-chip analog volume control.\u00a0This dongle attenuates volume in the analog domain granting much better signal-to-noise performance than the average competitor&#8217;s lossy digital volume control.<\/p>\n<p>It receives a full 5\u2b50 from\u00a0<a href=\"https:\/\/www.whathifi.com\/reviews\/ifi-go-link-max\" target=\"_blank\" rel=\"noopener\">What Hi-Fi?<\/a>. <a href=\"https:\/\/www.forbes.com\/sites\/marksparrow\/2024\/11\/20\/ifi-go-link-max-is-the-best-headphone-dac-for-under-100\/\" target=\"_blank\" rel=\"noopener\">Forbes<\/a> proclaims it the &#8220;best headphone DAC&#8221; at a budget. <a href=\"https:\/\/headfonics.com\/ifi-audio-go-link-max-review\/\" target=\"_blank\" rel=\"noopener\">Headfonics<\/a> says Go Link Max &#8220;packs the same, if not more, punch than its competitors&#8221;.<\/p>\n<p>Music player levels of detail and fidelity even from USB&#8217;s 5 volt supply are possible with GO Link Max. A thoroughly regulated circuit and clean power form the basics here, as with every iFi. <strong>[See Product Desc. For More]<\/strong><\/p>\n<p><!--split--><\/p>\n","protected":false},"featured_media":13796,"comment_status":"open","ping_status":"closed","template":"","meta":{"_acf_changed":false},"product_brand":[414],"product_cat":[398,27],"product_tag":[252,179,306,180],"pa_accessories":[],"pa_headphones":[],"pa_connection":[],"pa_fit":[],"pa_type":[],"pa_cases":[],"class_list":{"0":"post-11826","1":"product","2":"type-product","3":"status-publish","4":"has-post-thumbnail","6":"product_brand-ifi","7":"product_cat-all-products","8":"product_cat-portable-dac-amp","9":"product_tag-brand_ifi","10":"product_tag-dac-amps","11":"product_tag-dongle","12":"product_tag-portable-dac-amps","14":"entry","15":"has-media","17":"first","18":"instock","19":"shipping-taxable","20":"purchasable","21":"product-type-simple","22":"col","23":"span_1_of_4","24":"owp-content-left","25":"owp-thumbs-layout-horizontal","26":"owp-btn-very-big","27":"owp-tabs-layout-vertical"},"acf":[],"yoast_head":"<!-- This site is optimized with the Yoast SEO plugin v27.4 - https:\/\/yoast.com\/product\/yoast-seo-wordpress\/ -->\n<title>iFi GO Link Max - The Audio People<\/title>\n<meta name=\"robots\" content=\"index, follow, max-snippet:-1, max-image-preview:large, max-video-preview:-1\" \/>\n<link rel=\"canonical\" href=\"https:\/\/theaudiopeople.com.vn\/vi\/san-pham\/ifi-go-link-max\/\" \/>\n<meta property=\"og:locale\" content=\"vi_VN\" \/>\n<meta property=\"og:type\" content=\"article\" \/>\n<meta property=\"og:title\" content=\"iFi GO Link Max - The Audio People\" \/>\n<meta property=\"og:description\" content=\"iFi Audio&#039;s work with ESS Technology DACs continue, with balanced. GO Link Max, their latest balanced 4.4mm dongle, runs with dual ES9219C chips.  What&#039;s special about the ES9219C is that it grants GO Link access to its on-chip analog volume control.\u00a0This dongle attenuates volume in the analog domain granting much better signal-to-noise performance than the average competitor&#039;s lossy digital volume control.  It receives a full 5\u2b50 from\u00a0What Hi-Fi?. Forbes proclaims it the &quot;best headphone DAC&quot; at a budget. Headfonics says Go Link Max &quot;packs the same, if not more, punch than its competitors&quot;.  Music player levels of detail and fidelity even from USB&#039;s 5 volt supply are possible with GO Link Max. A thoroughly regulated circuit and clean power form the basics here, as with every iFi. [See Product Desc. For More]\" \/>\n<meta property=\"og:url\" content=\"https:\/\/theaudiopeople.com.vn\/vi\/san-pham\/ifi-go-link-max\/\" \/>\n<meta property=\"og:site_name\" content=\"The Audio People\" \/>\n<meta property=\"article:modified_time\" content=\"2026-03-12T12:45:50+00:00\" \/>\n<meta property=\"og:image\" content=\"https:\/\/theaudiopeople.com.vn\/wp-content\/uploads\/2025\/10\/GoLInkMax_01_1000x.webp\" \/>\n\t<meta property=\"og:image:width\" content=\"1000\" \/>\n\t<meta property=\"og:image:height\" content=\"1000\" \/>\n\t<meta property=\"og:image:type\" content=\"image\/webp\" \/>\n<meta name=\"twitter:card\" content=\"summary_large_image\" \/>\n<meta name=\"twitter:label1\" content=\"\u01af\u1edbc t\u00ednh th\u1eddi gian \u0111\u1ecdc\" \/>\n\t<meta name=\"twitter:data1\" content=\"1 ph\u00fat\" \/>\n<script type=\"application\/ld+json\" class=\"yoast-schema-graph\">{\"@context\":\"https:\\\/\\\/schema.org\",\"@graph\":[{\"@type\":\"WebPage\",\"@id\":\"https:\\\/\\\/theaudiopeople.com.vn\\\/product\\\/ifi-go-link-max\\\/\",\"url\":\"https:\\\/\\\/theaudiopeople.com.vn\\\/product\\\/ifi-go-link-max\\\/\",\"name\":\"iFi GO Link Max - The Audio People\",\"isPartOf\":{\"@id\":\"https:\\\/\\\/theaudiopeople.com.vn\\\/#website\"},\"primaryImageOfPage\":{\"@id\":\"https:\\\/\\\/theaudiopeople.com.vn\\\/product\\\/ifi-go-link-max\\\/#primaryimage\"},\"image\":{\"@id\":\"https:\\\/\\\/theaudiopeople.com.vn\\\/product\\\/ifi-go-link-max\\\/#primaryimage\"},\"thumbnailUrl\":\"https:\\\/\\\/theaudiopeople.com.vn\\\/wp-content\\\/uploads\\\/2025\\\/10\\\/GoLInkMax_01_1000x.webp\",\"datePublished\":\"2025-10-05T09:56:04+00:00\",\"dateModified\":\"2026-03-12T12:45:50+00:00\",\"breadcrumb\":{\"@id\":\"https:\\\/\\\/theaudiopeople.com.vn\\\/product\\\/ifi-go-link-max\\\/#breadcrumb\"},\"inLanguage\":\"vi\",\"potentialAction\":[{\"@type\":\"ReadAction\",\"target\":[\"https:\\\/\\\/theaudiopeople.com.vn\\\/product\\\/ifi-go-link-max\\\/\"]}]},{\"@type\":\"ImageObject\",\"inLanguage\":\"vi\",\"@id\":\"https:\\\/\\\/theaudiopeople.com.vn\\\/product\\\/ifi-go-link-max\\\/#primaryimage\",\"url\":\"https:\\\/\\\/theaudiopeople.com.vn\\\/wp-content\\\/uploads\\\/2025\\\/10\\\/GoLInkMax_01_1000x.webp\",\"contentUrl\":\"https:\\\/\\\/theaudiopeople.com.vn\\\/wp-content\\\/uploads\\\/2025\\\/10\\\/GoLInkMax_01_1000x.webp\",\"width\":1000,\"height\":1000},{\"@type\":\"BreadcrumbList\",\"@id\":\"https:\\\/\\\/theaudiopeople.com.vn\\\/product\\\/ifi-go-link-max\\\/#breadcrumb\",\"itemListElement\":[{\"@type\":\"ListItem\",\"position\":1,\"name\":\"Home\",\"item\":\"https:\\\/\\\/theaudiopeople.com.vn\\\/\"},{\"@type\":\"ListItem\",\"position\":2,\"name\":\"Products\",\"item\":\"https:\\\/\\\/theaudiopeople.com.vn\\\/shop\\\/\"},{\"@type\":\"ListItem\",\"position\":3,\"name\":\"iFi GO Link Max\"}]},{\"@type\":\"WebSite\",\"@id\":\"https:\\\/\\\/theaudiopeople.com.vn\\\/#website\",\"url\":\"https:\\\/\\\/theaudiopeople.com.vn\\\/\",\"name\":\"The Audio People\",\"description\":\"\",\"potentialAction\":[{\"@type\":\"SearchAction\",\"target\":{\"@type\":\"EntryPoint\",\"urlTemplate\":\"https:\\\/\\\/theaudiopeople.com.vn\\\/?s={search_term_string}\"},\"query-input\":{\"@type\":\"PropertyValueSpecification\",\"valueRequired\":true,\"valueName\":\"search_term_string\"}}],\"inLanguage\":\"vi\"}]}<\/script>\n<!-- \/ Yoast SEO plugin. -->","yoast_head_json":{"title":"iFi GO Link Max - The Audio People","robots":{"index":"index","follow":"follow","max-snippet":"max-snippet:-1","max-image-preview":"max-image-preview:large","max-video-preview":"max-video-preview:-1"},"canonical":"https:\/\/theaudiopeople.com.vn\/vi\/san-pham\/ifi-go-link-max\/","og_locale":"vi_VN","og_type":"article","og_title":"iFi GO Link Max - The Audio People","og_description":"iFi Audio's work with ESS Technology DACs continue, with balanced. GO Link Max, their latest balanced 4.4mm dongle, runs with dual ES9219C chips.  What's special about the ES9219C is that it grants GO Link access to its on-chip analog volume control.\u00a0This dongle attenuates volume in the analog domain granting much better signal-to-noise performance than the average competitor's lossy digital volume control.  It receives a full 5\u2b50 from\u00a0What Hi-Fi?. Forbes proclaims it the \"best headphone DAC\" at a budget. Headfonics says Go Link Max \"packs the same, if not more, punch than its competitors\".  Music player levels of detail and fidelity even from USB's 5 volt supply are possible with GO Link Max. A thoroughly regulated circuit and clean power form the basics here, as with every iFi. [See Product Desc. For More]","og_url":"https:\/\/theaudiopeople.com.vn\/vi\/san-pham\/ifi-go-link-max\/","og_site_name":"The Audio People","article_modified_time":"2026-03-12T12:45:50+00:00","og_image":[{"width":1000,"height":1000,"url":"https:\/\/theaudiopeople.com.vn\/wp-content\/uploads\/2025\/10\/GoLInkMax_01_1000x.webp","type":"image\/webp"}],"twitter_card":"summary_large_image","twitter_misc":{"\u01af\u1edbc t\u00ednh th\u1eddi gian \u0111\u1ecdc":"1 ph\u00fat"},"schema":{"@context":"https:\/\/schema.org","@graph":[{"@type":"WebPage","@id":"https:\/\/theaudiopeople.com.vn\/product\/ifi-go-link-max\/","url":"https:\/\/theaudiopeople.com.vn\/product\/ifi-go-link-max\/","name":"iFi GO Link Max - The Audio People","isPartOf":{"@id":"https:\/\/theaudiopeople.com.vn\/#website"},"primaryImageOfPage":{"@id":"https:\/\/theaudiopeople.com.vn\/product\/ifi-go-link-max\/#primaryimage"},"image":{"@id":"https:\/\/theaudiopeople.com.vn\/product\/ifi-go-link-max\/#primaryimage"},"thumbnailUrl":"https:\/\/theaudiopeople.com.vn\/wp-content\/uploads\/2025\/10\/GoLInkMax_01_1000x.webp","datePublished":"2025-10-05T09:56:04+00:00","dateModified":"2026-03-12T12:45:50+00:00","breadcrumb":{"@id":"https:\/\/theaudiopeople.com.vn\/product\/ifi-go-link-max\/#breadcrumb"},"inLanguage":"vi","potentialAction":[{"@type":"ReadAction","target":["https:\/\/theaudiopeople.com.vn\/product\/ifi-go-link-max\/"]}]},{"@type":"ImageObject","inLanguage":"vi","@id":"https:\/\/theaudiopeople.com.vn\/product\/ifi-go-link-max\/#primaryimage","url":"https:\/\/theaudiopeople.com.vn\/wp-content\/uploads\/2025\/10\/GoLInkMax_01_1000x.webp","contentUrl":"https:\/\/theaudiopeople.com.vn\/wp-content\/uploads\/2025\/10\/GoLInkMax_01_1000x.webp","width":1000,"height":1000},{"@type":"BreadcrumbList","@id":"https:\/\/theaudiopeople.com.vn\/product\/ifi-go-link-max\/#breadcrumb","itemListElement":[{"@type":"ListItem","position":1,"name":"Home","item":"https:\/\/theaudiopeople.com.vn\/"},{"@type":"ListItem","position":2,"name":"Products","item":"https:\/\/theaudiopeople.com.vn\/shop\/"},{"@type":"ListItem","position":3,"name":"iFi GO Link Max"}]},{"@type":"WebSite","@id":"https:\/\/theaudiopeople.com.vn\/#website","url":"https:\/\/theaudiopeople.com.vn\/","name":"The Audio People","description":"","potentialAction":[{"@type":"SearchAction","target":{"@type":"EntryPoint","urlTemplate":"https:\/\/theaudiopeople.com.vn\/?s={search_term_string}"},"query-input":{"@type":"PropertyValueSpecification","valueRequired":true,"valueName":"search_term_string"}}],"inLanguage":"vi"}]}},"_links":{"self":[{"href":"https:\/\/theaudiopeople.com.vn\/vi\/wp-json\/wp\/v2\/product\/11826","targetHints":{"allow":["GET"]}}],"collection":[{"href":"https:\/\/theaudiopeople.com.vn\/vi\/wp-json\/wp\/v2\/product"}],"about":[{"href":"https:\/\/theaudiopeople.com.vn\/vi\/wp-json\/wp\/v2\/types\/product"}],"replies":[{"embeddable":true,"href":"https:\/\/theaudiopeople.com.vn\/vi\/wp-json\/wp\/v2\/comments?post=11826"}],"wp:featuredmedia":[{"embeddable":true,"href":"https:\/\/theaudiopeople.com.vn\/vi\/wp-json\/wp\/v2\/media\/13796"}],"wp:attachment":[{"href":"https:\/\/theaudiopeople.com.vn\/vi\/wp-json\/wp\/v2\/media?parent=11826"}],"wp:term":[{"taxonomy":"product_brand","embeddable":true,"href":"https:\/\/theaudiopeople.com.vn\/vi\/wp-json\/wp\/v2\/product_brand?post=11826"},{"taxonomy":"product_cat","embeddable":true,"href":"https:\/\/theaudiopeople.com.vn\/vi\/wp-json\/wp\/v2\/product_cat?post=11826"},{"taxonomy":"product_tag","embeddable":true,"href":"https:\/\/theaudiopeople.com.vn\/vi\/wp-json\/wp\/v2\/product_tag?post=11826"},{"taxonomy":"pa_accessories","embeddable":true,"href":"https:\/\/theaudiopeople.com.vn\/vi\/wp-json\/wp\/v2\/pa_accessories?post=11826"},{"taxonomy":"pa_headphones","embeddable":true,"href":"https:\/\/theaudiopeople.com.vn\/vi\/wp-json\/wp\/v2\/pa_headphones?post=11826"},{"taxonomy":"pa_connection","embeddable":true,"href":"https:\/\/theaudiopeople.com.vn\/vi\/wp-json\/wp\/v2\/pa_connection?post=11826"},{"taxonomy":"pa_fit","embeddable":true,"href":"https:\/\/theaudiopeople.com.vn\/vi\/wp-json\/wp\/v2\/pa_fit?post=11826"},{"taxonomy":"pa_type","embeddable":true,"href":"https:\/\/theaudiopeople.com.vn\/vi\/wp-json\/wp\/v2\/pa_type?post=11826"},{"taxonomy":"pa_cases","embeddable":true,"href":"https:\/\/theaudiopeople.com.vn\/vi\/wp-json\/wp\/v2\/pa_cases?post=11826"}],"curies":[{"name":"wp","href":"https:\/\/api.w.org\/{rel}","templated":true}]}}