{"id":15371,"date":"2026-03-20T11:34:19","date_gmt":"2026-03-20T11:34:19","guid":{"rendered":"https:\/\/theaudiopeople.com.vn\/product\/ibasso-pb6-macaw-silver\/"},"modified":"2026-04-20T00:13:50","modified_gmt":"2026-04-20T00:13:50","slug":"ibasso-pb6-macaw-silver","status":"publish","type":"product","link":"https:\/\/theaudiopeople.com.vn\/vi\/san-pham\/ibasso-pb6-macaw-silver\/","title":{"rendered":"IBASSO PB6 MACAW SILVER"},"content":{"rendered":"","protected":false},"excerpt":{"rendered":"<p>Basso PB6 l\u00e0 m\u1ed9t n\u00e2ng c\u1ea5p tuy\u1ec7t v\u1eddi cho b\u1ea5t k\u1ef3 DAP n\u00e0o b\u1ea1n \u0111ang s\u1eed d\u1ee5ng. Thi\u1ebft b\u1ecb gi\u00fap m\u1edf r\u1ed9ng kh\u00f4ng gian \u00e2m thanh, \u0111\u1ed3ng th\u1eddi b\u1ed5 sung m\u1ed9t ch\u00fat \u1ea5m \u00e1p tinh t\u1ebf, mang l\u1ea1i tr\u1ea3i nghi\u1ec7m nghe ho\u00e0n to\u00e0n kh\u00e1c bi\u1ec7t \u2014 gi\u00fap b\u1ea1n d\u1ec5 d\u00e0ng \u0111\u1eafm ch\u00ecm v\u00e0 t\u1eadn h\u01b0\u1edfng tr\u1ecdn v\u1eb9n nh\u1eefng b\u1ea3n nh\u1ea1c y\u00eau th\u00edch.<\/p>\n<p>B\u00ean trong c\u00f3 g\u00ec \u0111\u1eb7c bi\u1ec7t?<br \/>\n\u2013 Trang b\u1ecb 4 b\u00f3ng \u0111\u00e8n ch\u00e2n kh\u00f4ng JAN6418 chu\u1ea9n qu\u00e2n s\u1ef1 t\u1eeb Raytheon, v\u1eadn h\u00e0nh trong ki\u1ebfn tr\u00fac khu\u1ebfch \u0111\u1ea1i fully balanced 4 k\u00eanh, mang l\u1ea1i ch\u1ea5t \u00e2m \u0111\u00e8n \u1ea5m \u00e1p, gi\u00e0u nh\u1ea1c t\u00ednh v\u00e0 t\u1ef1 nhi\u00ean<br \/>\n\u2013 M\u1ea1ch khu\u1ebfch \u0111\u1ea1i tai nghe s\u1eed d\u1ee5ng 4 BUF634A OP+BUF, k\u1ebft h\u1ee3p ch\u1ebf \u0111\u1ed9 xu\u1ea5t Class AB, cho \u0111\u1ed9 ph\u00e2n gi\u1ea3i cao v\u00e0 d\u1ea3i \u0111\u1ed9ng \u1ea5n t\u01b0\u1ee3ng<br \/>\n\u2013 Pin \u0111i\u1ec7n \u00e1p cao 8.4V gi\u00fap t\u0103ng hi\u1ec7u su\u1ea5t c\u1ea5p ngu\u1ed3n v\u00e0 c\u1ea3i thi\u1ec7n kh\u1ea3 n\u0103ng \u0111\u00e1p \u1ee9ng t\u1ee9c th\u1eddi, gi\u1ea3m nhi\u1ec5u ripple, t\u1eeb \u0111\u00f3 mang l\u1ea1i ngu\u1ed3n \u0111i\u1ec7n s\u1ea1ch v\u00e0 \u1ed5n \u0111\u1ecbnh h\u01a1n, t\u00e1i hi\u1ec7n chi ti\u1ebft \u00e2m nh\u1ea1c ch\u00ednh x\u00e1c<br \/>\n\u2013 H\u1ed7 tr\u1ee3 ngu\u1ed3n ngo\u00e0i 12V DC, cho c\u00f4ng su\u1ea5t \u0111\u1ea7u ra m\u1ea1nh m\u1ebd h\u01a1n (l\u00ean \u0111\u1ebfn 2300mW m\u1ed7i k\u00eanh t\u1ea1i 32 Ohms) v\u00e0 bi\u00ean \u0111\u1ed9 \u0111i\u1ec7n \u00e1p l\u00ean t\u1edbi 24V, gi\u00fap PB6 d\u1ec5 d\u00e0ng k\u00e9o c\u00e1c tai nghe full-size, \u0111\u1ea1t hi\u1ec7u n\u0103ng ti\u1ec7m c\u1eadn ampli desktop cao c\u1ea5p<br \/>\n\u2013 T\u00f9y ch\u1ecdn gi\u1eefa hai ch\u1ea5t \u00e2m: \u0111\u00e1p \u1ee9ng nhanh, ki\u1ec3m so\u00e1t t\u1ed1t v\u00e0 \u0111\u1ed9 chi ti\u1ebft cao, ho\u1eb7c s\u00e2n kh\u1ea5u \u00e2m thanh m\u1ec1m m\u1ea1i, \u1ea5m \u00e1p h\u01a1n, th\u00f4ng qua ch\u1ebf \u0111\u1ed9 bandwidth cao\/th\u1ea5p<br \/>\n\u2013 H\u1ed7 tr\u1ee3 \u0111\u1ea7y \u0111\u1ee7 c\u1ea3 c\u1ed5ng 3.5mm single-ended v\u00e0 4.4mm balanced cho c\u1ea3 input v\u00e0 output<\/p>\n<p>\/\/ TH\u00d4NG S\u1ed0<br \/>\n\u2013 C\u00f4ng su\u1ea5t \u0111\u1ea7u ra t\u1ed1i \u0111a (Pin): 1600mW @ 32 Ohms (4.4mm BAL), 660mW @ 32 Ohms (3.5mm SE)<br \/>\n\u2013 C\u00f4ng su\u1ea5t \u0111\u1ea7u ra t\u1ed1i \u0111a (Ngu\u1ed3n DC 12V): 2300mW @ 32 Ohms (4.4mm BAL). 660mW @ 32 Ohms (3.5mm SE)<br \/>\n\u2013 Tr\u1edf kh\u00e1ng \u0111\u1ea7u ra: 1.2 Ohms (4.4mm BAL), 0.5 Ohms (3.5mm SE)<br \/>\n\u2013 Th\u1eddi l\u01b0\u1ee3ng pin: L\u00ean \u0111\u1ebfn 13.5 gi\u1edd (Class AB \/ BAL output \/ high gain \/ low bandwidth)<br \/>\n&#8211; Size: 140.7 x 78.9 x 19.6 mm<br \/>\n\u2013 Tr\u1ecdng l\u01b0\u1ee3ng: ~293g<\/p>\n<p>\/\/ B\u1ed8 S\u1ea2N PH\u1ea8M BAO G\u1ed2M<br \/>\n&#8211; PB6 amp<br \/>\n&#8211; USB Type-A to USB Type-C charging cable<br \/>\n\u2013 Ngu\u1ed3n DC 12V<br \/>\n&#8211; 4.4mm &#8211; 4.4mm BAL interconnect<br \/>\n&#8211; 3.5mm &#8211; 3.5mm SE interconnect<br \/>\n\u2013 T\u00fai \u0111\u1ef1ng<br \/>\n\u2013 T\u00e0i li\u1ec7u h\u01b0\u1edbng d\u1eabn s\u1eed d\u1ee5ng<\/p>","protected":false},"featured_media":15372,"comment_status":"open","ping_status":"closed","template":"","meta":{"_acf_changed":false},"product_brand":[498],"product_cat":[398,27,410],"product_tag":[168,305,179,180,228],"pa_accessories":[],"pa_headphones":[],"pa_connection":[],"pa_fit":[],"pa_type":[],"pa_cases":[],"class_list":{"0":"post-15371","1":"product","2":"type-product","3":"status-publish","4":"has-post-thumbnail","6":"product_brand-ibasso","7":"product_cat-all-products","8":"product_cat-portable-dac-amp","9":"product_cat-tube-amps","10":"product_tag-audio","11":"product_tag-brand_ibasso","12":"product_tag-dac-amps","13":"product_tag-portable-dac-amps","14":"product_tag-tube-amp","16":"entry","17":"has-media","19":"first","20":"instock","21":"shipping-taxable","22":"purchasable","23":"product-type-simple","24":"col","25":"span_1_of_4","26":"owp-content-left","27":"owp-thumbs-layout-horizontal","28":"owp-btn-very-big","29":"owp-tabs-layout-vertical"},"acf":[],"yoast_head":"<!-- This site is optimized with the Yoast SEO plugin v27.4 - https:\/\/yoast.com\/product\/yoast-seo-wordpress\/ -->\n<title>IBASSO PB6 MACAW SILVER - The Audio People<\/title>\n<meta name=\"robots\" content=\"index, follow, max-snippet:-1, max-image-preview:large, max-video-preview:-1\" \/>\n<link rel=\"canonical\" href=\"https:\/\/theaudiopeople.com.vn\/vi\/san-pham\/ibasso-pb6-macaw-silver\/\" \/>\n<meta property=\"og:locale\" content=\"vi_VN\" \/>\n<meta property=\"og:type\" content=\"article\" \/>\n<meta property=\"og:title\" content=\"IBASSO PB6 MACAW SILVER - The Audio People\" \/>\n<meta property=\"og:description\" content=\"iBasso&#039;s PB6 is simply a sublime addition to any DAP you might have. Opening up the space, and injecting a sliver of warmth into it, really transforms your playback - allowing you to drift and immerse into your favourites.  What&#039;s under the hood? - Four military-grade JAN6418 tubes by Raytheon implemented in a 4-channel fully balanced amplification architecture imparts a rich, warm tube character for a natural listening experience - Four BUF634A OP+BUF headphone amplifier circuit offers enhanced resolution and excellent dynamic range with the Class AB output mode - 8.4V high-voltage battery pack improves power efficiency and transient response capabilities by minimizing ripple interference, resulting in a purer and more stable power supply enabling faithful reproduction of musical nuances and dynamic range - External 12V DC power supply support allows for a greater power output or 2300mW per channel at 32 Ohms, and an increased voltage swing of 24V, enabling the PB6 to effortlessly power full-size headphones and achieving performance comparable to quality desktop-grade headphone amplifiers - Choose between excellent transient response with superior control and resolution or a softer, warmer soundstage with a selectable high &amp; low bandwidth output stage - Supports both 3.5mm single-ended and 4.4mm balanced input and output  \/\/ SPECIFICATIONS - Maximum Output Power (Battery): 1600mW @ 32 Ohms (4.4mm BAL), 660mW @ 32 Ohms (3.5mm SE) - Maximum Output Power (DC 12V): 2300mW @ 32 Ohms (4.4mm BAL). 660mW @ 32 Ohms (3.5mm SE) - Output Impedance: 1.2 Ohms (4.4mm BAL), 0.5 Ohms (3.5mm SE) - Battery Life: Up to 13.5 hours (Class AB \/ BAL output \/ high gain \/ low bandwidth) - Size: 140.7 x 78.9 x 19.6 mm - Weight: ~293g  \/\/ IN THE BOX - PB6 amp - USB Type-A to USB Type-C charging cable - DC 12V power supply - 4.4mm - 4.4mm BAL interconnect - 3.5mm - 3.5mm SE interconnect - Carrying pouches - Documentation\" \/>\n<meta property=\"og:url\" content=\"https:\/\/theaudiopeople.com.vn\/vi\/san-pham\/ibasso-pb6-macaw-silver\/\" \/>\n<meta property=\"og:site_name\" content=\"The Audio People\" \/>\n<meta property=\"article:modified_time\" content=\"2026-04-20T00:13:50+00:00\" \/>\n<meta property=\"og:image\" content=\"https:\/\/theaudiopeople.com.vn\/wp-content\/uploads\/2026\/03\/PB6-1.webp\" \/>\n\t<meta property=\"og:image:width\" content=\"1000\" \/>\n\t<meta property=\"og:image:height\" content=\"1000\" \/>\n\t<meta property=\"og:image:type\" content=\"image\/webp\" \/>\n<meta name=\"twitter:card\" content=\"summary_large_image\" \/>\n<meta name=\"twitter:label1\" content=\"\u01af\u1edbc t\u00ednh th\u1eddi gian \u0111\u1ecdc\" \/>\n\t<meta name=\"twitter:data1\" content=\"1 ph\u00fat\" \/>\n<script type=\"application\/ld+json\" class=\"yoast-schema-graph\">{\"@context\":\"https:\\\/\\\/schema.org\",\"@graph\":[{\"@type\":\"WebPage\",\"@id\":\"https:\\\/\\\/theaudiopeople.com.vn\\\/product\\\/ibasso-pb6-macaw-silver\\\/\",\"url\":\"https:\\\/\\\/theaudiopeople.com.vn\\\/product\\\/ibasso-pb6-macaw-silver\\\/\",\"name\":\"IBASSO PB6 MACAW SILVER - The Audio People\",\"isPartOf\":{\"@id\":\"https:\\\/\\\/theaudiopeople.com.vn\\\/#website\"},\"primaryImageOfPage\":{\"@id\":\"https:\\\/\\\/theaudiopeople.com.vn\\\/product\\\/ibasso-pb6-macaw-silver\\\/#primaryimage\"},\"image\":{\"@id\":\"https:\\\/\\\/theaudiopeople.com.vn\\\/product\\\/ibasso-pb6-macaw-silver\\\/#primaryimage\"},\"thumbnailUrl\":\"https:\\\/\\\/theaudiopeople.com.vn\\\/wp-content\\\/uploads\\\/2026\\\/03\\\/PB6-1.webp\",\"datePublished\":\"2026-03-20T11:34:19+00:00\",\"dateModified\":\"2026-04-20T00:13:50+00:00\",\"breadcrumb\":{\"@id\":\"https:\\\/\\\/theaudiopeople.com.vn\\\/product\\\/ibasso-pb6-macaw-silver\\\/#breadcrumb\"},\"inLanguage\":\"vi\",\"potentialAction\":[{\"@type\":\"ReadAction\",\"target\":[\"https:\\\/\\\/theaudiopeople.com.vn\\\/product\\\/ibasso-pb6-macaw-silver\\\/\"]}]},{\"@type\":\"ImageObject\",\"inLanguage\":\"vi\",\"@id\":\"https:\\\/\\\/theaudiopeople.com.vn\\\/product\\\/ibasso-pb6-macaw-silver\\\/#primaryimage\",\"url\":\"https:\\\/\\\/theaudiopeople.com.vn\\\/wp-content\\\/uploads\\\/2026\\\/03\\\/PB6-1.webp\",\"contentUrl\":\"https:\\\/\\\/theaudiopeople.com.vn\\\/wp-content\\\/uploads\\\/2026\\\/03\\\/PB6-1.webp\",\"width\":1000,\"height\":1000},{\"@type\":\"BreadcrumbList\",\"@id\":\"https:\\\/\\\/theaudiopeople.com.vn\\\/product\\\/ibasso-pb6-macaw-silver\\\/#breadcrumb\",\"itemListElement\":[{\"@type\":\"ListItem\",\"position\":1,\"name\":\"Home\",\"item\":\"https:\\\/\\\/theaudiopeople.com.vn\\\/\"},{\"@type\":\"ListItem\",\"position\":2,\"name\":\"Products\",\"item\":\"https:\\\/\\\/theaudiopeople.com.vn\\\/shop\\\/\"},{\"@type\":\"ListItem\",\"position\":3,\"name\":\"IBASSO PB6 MACAW SILVER\"}]},{\"@type\":\"WebSite\",\"@id\":\"https:\\\/\\\/theaudiopeople.com.vn\\\/#website\",\"url\":\"https:\\\/\\\/theaudiopeople.com.vn\\\/\",\"name\":\"The Audio People\",\"description\":\"\",\"potentialAction\":[{\"@type\":\"SearchAction\",\"target\":{\"@type\":\"EntryPoint\",\"urlTemplate\":\"https:\\\/\\\/theaudiopeople.com.vn\\\/?s={search_term_string}\"},\"query-input\":{\"@type\":\"PropertyValueSpecification\",\"valueRequired\":true,\"valueName\":\"search_term_string\"}}],\"inLanguage\":\"vi\"}]}<\/script>\n<!-- \/ Yoast SEO plugin. -->","yoast_head_json":{"title":"IBASSO PB6 MACAW SILVER - The Audio People","robots":{"index":"index","follow":"follow","max-snippet":"max-snippet:-1","max-image-preview":"max-image-preview:large","max-video-preview":"max-video-preview:-1"},"canonical":"https:\/\/theaudiopeople.com.vn\/vi\/san-pham\/ibasso-pb6-macaw-silver\/","og_locale":"vi_VN","og_type":"article","og_title":"IBASSO PB6 MACAW SILVER - The Audio People","og_description":"iBasso's PB6 is simply a sublime addition to any DAP you might have. Opening up the space, and injecting a sliver of warmth into it, really transforms your playback - allowing you to drift and immerse into your favourites.  What's under the hood? - Four military-grade JAN6418 tubes by Raytheon implemented in a 4-channel fully balanced amplification architecture imparts a rich, warm tube character for a natural listening experience - Four BUF634A OP+BUF headphone amplifier circuit offers enhanced resolution and excellent dynamic range with the Class AB output mode - 8.4V high-voltage battery pack improves power efficiency and transient response capabilities by minimizing ripple interference, resulting in a purer and more stable power supply enabling faithful reproduction of musical nuances and dynamic range - External 12V DC power supply support allows for a greater power output or 2300mW per channel at 32 Ohms, and an increased voltage swing of 24V, enabling the PB6 to effortlessly power full-size headphones and achieving performance comparable to quality desktop-grade headphone amplifiers - Choose between excellent transient response with superior control and resolution or a softer, warmer soundstage with a selectable high &amp; low bandwidth output stage - Supports both 3.5mm single-ended and 4.4mm balanced input and output  \/\/ SPECIFICATIONS - Maximum Output Power (Battery): 1600mW @ 32 Ohms (4.4mm BAL), 660mW @ 32 Ohms (3.5mm SE) - Maximum Output Power (DC 12V): 2300mW @ 32 Ohms (4.4mm BAL). 660mW @ 32 Ohms (3.5mm SE) - Output Impedance: 1.2 Ohms (4.4mm BAL), 0.5 Ohms (3.5mm SE) - Battery Life: Up to 13.5 hours (Class AB \/ BAL output \/ high gain \/ low bandwidth) - Size: 140.7 x 78.9 x 19.6 mm - Weight: ~293g  \/\/ IN THE BOX - PB6 amp - USB Type-A to USB Type-C charging cable - DC 12V power supply - 4.4mm - 4.4mm BAL interconnect - 3.5mm - 3.5mm SE interconnect - Carrying pouches - Documentation","og_url":"https:\/\/theaudiopeople.com.vn\/vi\/san-pham\/ibasso-pb6-macaw-silver\/","og_site_name":"The Audio People","article_modified_time":"2026-04-20T00:13:50+00:00","og_image":[{"width":1000,"height":1000,"url":"https:\/\/theaudiopeople.com.vn\/wp-content\/uploads\/2026\/03\/PB6-1.webp","type":"image\/webp"}],"twitter_card":"summary_large_image","twitter_misc":{"\u01af\u1edbc t\u00ednh th\u1eddi gian \u0111\u1ecdc":"1 ph\u00fat"},"schema":{"@context":"https:\/\/schema.org","@graph":[{"@type":"WebPage","@id":"https:\/\/theaudiopeople.com.vn\/product\/ibasso-pb6-macaw-silver\/","url":"https:\/\/theaudiopeople.com.vn\/product\/ibasso-pb6-macaw-silver\/","name":"IBASSO PB6 MACAW SILVER - The Audio People","isPartOf":{"@id":"https:\/\/theaudiopeople.com.vn\/#website"},"primaryImageOfPage":{"@id":"https:\/\/theaudiopeople.com.vn\/product\/ibasso-pb6-macaw-silver\/#primaryimage"},"image":{"@id":"https:\/\/theaudiopeople.com.vn\/product\/ibasso-pb6-macaw-silver\/#primaryimage"},"thumbnailUrl":"https:\/\/theaudiopeople.com.vn\/wp-content\/uploads\/2026\/03\/PB6-1.webp","datePublished":"2026-03-20T11:34:19+00:00","dateModified":"2026-04-20T00:13:50+00:00","breadcrumb":{"@id":"https:\/\/theaudiopeople.com.vn\/product\/ibasso-pb6-macaw-silver\/#breadcrumb"},"inLanguage":"vi","potentialAction":[{"@type":"ReadAction","target":["https:\/\/theaudiopeople.com.vn\/product\/ibasso-pb6-macaw-silver\/"]}]},{"@type":"ImageObject","inLanguage":"vi","@id":"https:\/\/theaudiopeople.com.vn\/product\/ibasso-pb6-macaw-silver\/#primaryimage","url":"https:\/\/theaudiopeople.com.vn\/wp-content\/uploads\/2026\/03\/PB6-1.webp","contentUrl":"https:\/\/theaudiopeople.com.vn\/wp-content\/uploads\/2026\/03\/PB6-1.webp","width":1000,"height":1000},{"@type":"BreadcrumbList","@id":"https:\/\/theaudiopeople.com.vn\/product\/ibasso-pb6-macaw-silver\/#breadcrumb","itemListElement":[{"@type":"ListItem","position":1,"name":"Home","item":"https:\/\/theaudiopeople.com.vn\/"},{"@type":"ListItem","position":2,"name":"Products","item":"https:\/\/theaudiopeople.com.vn\/shop\/"},{"@type":"ListItem","position":3,"name":"IBASSO PB6 MACAW SILVER"}]},{"@type":"WebSite","@id":"https:\/\/theaudiopeople.com.vn\/#website","url":"https:\/\/theaudiopeople.com.vn\/","name":"The Audio People","description":"","potentialAction":[{"@type":"SearchAction","target":{"@type":"EntryPoint","urlTemplate":"https:\/\/theaudiopeople.com.vn\/?s={search_term_string}"},"query-input":{"@type":"PropertyValueSpecification","valueRequired":true,"valueName":"search_term_string"}}],"inLanguage":"vi"}]}},"_links":{"self":[{"href":"https:\/\/theaudiopeople.com.vn\/vi\/wp-json\/wp\/v2\/product\/15371","targetHints":{"allow":["GET"]}}],"collection":[{"href":"https:\/\/theaudiopeople.com.vn\/vi\/wp-json\/wp\/v2\/product"}],"about":[{"href":"https:\/\/theaudiopeople.com.vn\/vi\/wp-json\/wp\/v2\/types\/product"}],"replies":[{"embeddable":true,"href":"https:\/\/theaudiopeople.com.vn\/vi\/wp-json\/wp\/v2\/comments?post=15371"}],"wp:featuredmedia":[{"embeddable":true,"href":"https:\/\/theaudiopeople.com.vn\/vi\/wp-json\/wp\/v2\/media\/15372"}],"wp:attachment":[{"href":"https:\/\/theaudiopeople.com.vn\/vi\/wp-json\/wp\/v2\/media?parent=15371"}],"wp:term":[{"taxonomy":"product_brand","embeddable":true,"href":"https:\/\/theaudiopeople.com.vn\/vi\/wp-json\/wp\/v2\/product_brand?post=15371"},{"taxonomy":"product_cat","embeddable":true,"href":"https:\/\/theaudiopeople.com.vn\/vi\/wp-json\/wp\/v2\/product_cat?post=15371"},{"taxonomy":"product_tag","embeddable":true,"href":"https:\/\/theaudiopeople.com.vn\/vi\/wp-json\/wp\/v2\/product_tag?post=15371"},{"taxonomy":"pa_accessories","embeddable":true,"href":"https:\/\/theaudiopeople.com.vn\/vi\/wp-json\/wp\/v2\/pa_accessories?post=15371"},{"taxonomy":"pa_headphones","embeddable":true,"href":"https:\/\/theaudiopeople.com.vn\/vi\/wp-json\/wp\/v2\/pa_headphones?post=15371"},{"taxonomy":"pa_connection","embeddable":true,"href":"https:\/\/theaudiopeople.com.vn\/vi\/wp-json\/wp\/v2\/pa_connection?post=15371"},{"taxonomy":"pa_fit","embeddable":true,"href":"https:\/\/theaudiopeople.com.vn\/vi\/wp-json\/wp\/v2\/pa_fit?post=15371"},{"taxonomy":"pa_type","embeddable":true,"href":"https:\/\/theaudiopeople.com.vn\/vi\/wp-json\/wp\/v2\/pa_type?post=15371"},{"taxonomy":"pa_cases","embeddable":true,"href":"https:\/\/theaudiopeople.com.vn\/vi\/wp-json\/wp\/v2\/pa_cases?post=15371"}],"curies":[{"name":"wp","href":"https:\/\/api.w.org\/{rel}","templated":true}]}}